{"id":1391,"date":"2025-08-17T20:52:00","date_gmt":"2025-08-17T20:52:00","guid":{"rendered":"https:\/\/osoriogomestattoo.com\/?page_id=1391"},"modified":"2025-08-22T19:05:31","modified_gmt":"2025-08-22T19:05:31","slug":"presentacion-en-espacio-y-piel","status":"publish","type":"page","link":"https:\/\/osoriogomestattoo.com\/en\/presentacion-en-espacio-y-piel\/","title":{"rendered":"Presentation in space and skin"},"content":{"rendered":"<div class=\"wp-block-stackable-heading stk-block-heading stk-block-heading--v2 stk-block stk-3fca955\" id=\"presentacion-en-espacio-y-piel\" data-block-id=\"3fca955\"><h1 class=\"stk-block-heading__text\">Presentation in space and skin<\/h1><\/div>\n\n\n\n<div class=\"wp-block-stackable-columns alignfull stk-block-columns stk-block stk-22aa5f4\" data-block-id=\"22aa5f4\"><style>.stk-22aa5f4 .stk--block-align-22aa5f4{align-items:center !important;}<\/style><div class=\"stk-row stk-inner-blocks stk--block-align-22aa5f4 stk-block-content stk-content-align stk-22aa5f4-column\">\n<div class=\"wp-block-stackable-column stk-block-column stk-column stk-block stk-3f7f8a7\" data-v=\"4\" data-block-id=\"3f7f8a7\"><div class=\"stk-column-wrapper stk-block-column__content stk-container stk-3f7f8a7-container stk--no-background stk--no-padding\"><div class=\"stk-block-content stk-inner-blocks stk-3f7f8a7-inner-blocks\">\n<div class=\"wp-block-stackable-image stk-block-image stk-block stk-02b5320\" data-block-id=\"02b5320\"><style>.stk-02b5320 .stk-img-wrapper{width:50% !important;}<\/style><figure><span class=\"stk-img-wrapper stk-image--shape-stretch\"><img loading=\"lazy\" decoding=\"async\" class=\"stk-img wp-image-1401\" src=\"https:\/\/osoriogomestattoo.com\/wp-content\/uploads\/2025\/08\/ChatGPT-Image-17-ago-2025-23_12_22.webp\" width=\"1600\" height=\"2400\" alt=\"\" title=\"\" srcset=\"https:\/\/osoriogomestattoo.com\/wp-content\/uploads\/2025\/08\/ChatGPT-Image-17-ago-2025-23_12_22.webp 1600w, https:\/\/osoriogomestattoo.com\/wp-content\/uploads\/2025\/08\/ChatGPT-Image-17-ago-2025-23_12_22-200x300.webp 200w, https:\/\/osoriogomestattoo.com\/wp-content\/uploads\/2025\/08\/ChatGPT-Image-17-ago-2025-23_12_22-683x1024.webp 683w, https:\/\/osoriogomestattoo.com\/wp-content\/uploads\/2025\/08\/ChatGPT-Image-17-ago-2025-23_12_22-768x1152.webp 768w, https:\/\/osoriogomestattoo.com\/wp-content\/uploads\/2025\/08\/ChatGPT-Image-17-ago-2025-23_12_22-1024x1536.webp 1024w, https:\/\/osoriogomestattoo.com\/wp-content\/uploads\/2025\/08\/ChatGPT-Image-17-ago-2025-23_12_22-1365x2048.webp 1365w\" sizes=\"auto, (max-width: 1600px) 100vw, 1600px\" \/><\/span><\/figure><\/div>\n<\/div><\/div><\/div>\n\n\n\n<div class=\"wp-block-stackable-column stk-block-column stk-column stk-block stk-0b3f032\" data-v=\"4\" data-block-id=\"0b3f032\"><div class=\"stk-column-wrapper stk-block-column__content stk-container stk-0b3f032-container stk--no-background stk--no-padding\"><div class=\"stk-block-content stk-inner-blocks stk-0b3f032-inner-blocks\">\n<div class=\"wp-block-stackable-heading stk-block-heading stk-block-heading--v2 stk-block stk-b086c3b\" id=\"cuatro-ambientes-cuatro-anatomias\" data-block-id=\"b086c3b\"><style>.stk-b086c3b .stk-block-heading__text{font-size:var(--stk--preset--font-size--x-large, 50px) !important;}@media screen and (max-width:999px){.stk-b086c3b .stk-block-heading__text{font-size:var(--stk--preset--font-size--x-large, 50px) !important;}}<\/style><h2 class=\"stk-block-heading__text\">Four environments, four anatomies<\/h2><\/div>\n\n\n\n<div class=\"wp-block-stackable-text stk-block-text stk-block stk-12a5d61\" id=\"cuatro-ambientes-cuatro-anatomias\" data-block-id=\"12a5d61\"><style>.stk-12a5d61 .stk-block-text__text{font-size:var(--stk--preset--font-size--medium, 20px) !important;}@media screen and (max-width:999px){.stk-12a5d61 .stk-block-text__text{font-size:var(--stk--preset--font-size--medium, 20px) !important;}}<\/style><p class=\"stk-block-text__text\">In this section you will see how each design can inhabit a space and, where appropriate, the skin. The&nbsp;<strong>four photographs<\/strong> show&nbsp;<strong>mounted sheets<\/strong>&nbsp;in different environments to imagine their actual presence; the visible measurements are&nbsp;<strong>illustrative<\/strong>. I work with a&nbsp;<strong>standard size chart<\/strong>&nbsp;(indicated on each card),&nbsp;<strong>and I also accept orders<\/strong>: if you need&nbsp;<strong>other size, proportion or type of mounting\/framing<\/strong>, I can produce the sheet upon request.<br><br>In parallel, the&nbsp;<strong>four 3D displays<\/strong>&nbsp;present&nbsp;<strong>the tattoo<\/strong>&nbsp;applied in different anatomical areas, respecting flow, proportion and curvatures.&nbsp;<strong>In tattooing I perform customized adjustments<\/strong>: I can&nbsp;<strong>adapt scale, orientation, location and small details<\/strong>&nbsp;so that the piece dialogues with your anatomy and your style. If you choose foil, choose a standard size or request a&nbsp;<strong>custom order<\/strong>If you choose tattooing, we define together the&nbsp;<strong>final measures<\/strong>.<\/p><\/div>\n<\/div><\/div><\/div>\n<\/div><\/div>\n\n\n\n<div class=\"wp-block-stackable-separator alignfull stk-block-separator stk--no-padding stk-block stk-2e4044a\" data-block-id=\"2e4044a\"><style>.stk-2e4044a svg{fill:#616161 !important;}.stk-2e4044a .stk-block-separator__inner{height:235px !important;}<\/style><div class=\"stk-block-separator__inner\"><svg xmlns=\"http:\/\/www.w3.org\/2000\/svg\" viewbox=\"0 0 1600 200\" class=\"stk-separator__layer-1\" preserveaspectratio=\"none\" aria-hidden=\"true\"><path class=\"wave-1_svg__st2\" d=\"M1341.4 48.9c-182.4 0-254.2 80.4-429.4 80.4-117.8 0-209.7-67.5-393.5-67.5-142.2 0-212.6 38.8-324.6 38.8S-10 64.7-10 64.7V210h1620V102c-110.6-40.2-181-53.1-268.6-53.1z\"><\/path><\/svg><\/div><\/div>\n\n\n\n<div class=\"wp-block-stackable-columns alignfull stk-block-columns stk-block stk-8078632\" data-block-id=\"8078632\"><div class=\"stk-row stk-inner-blocks stk-block-content stk-content-align stk-8078632-column\">\n<div class=\"wp-block-stackable-column stk-block-column stk-column stk-block stk-29b4016\" data-v=\"4\" data-block-id=\"29b4016\"><div class=\"stk-column-wrapper stk-block-column__content stk-container stk-29b4016-container stk--no-background stk--no-padding\"><div class=\"stk-block-content stk-inner-blocks stk-29b4016-inner-blocks\">\t\t\t<style>\n                #foogallery-gallery-1412.fg-justified .fg-item {\n                    margin-right: 2px;\n                    margin-bottom: 2px;\n                }\n\n                #foogallery-gallery-1412.fg-justified .fg-image {\n                    height: 200px;\n                }\n\t\t\t<\/style>\n\t\t\t<div class=\"foogallery foogallery-container foogallery-justified foogallery-lightbox-foogallery fg-justified fg-light fg-shadow-outline fg-loading-default fg-loaded-fade-in fg-caption-always fg-hover-fade fg-hover-zoom2 fg-ready\" id=\"foogallery-gallery-1412\" data-foogallery=\"{&quot;item&quot;:{&quot;showCaptionTitle&quot;:true,&quot;showCaptionDescription&quot;:false},&quot;lazy&quot;:true,&quot;template&quot;:{&quot;rowHeight&quot;:200,&quot;maxRowHeight&quot;:320,&quot;margins&quot;:2,&quot;align&quot;:&quot;center&quot;,&quot;lastRow&quot;:&quot;smart&quot;}}\" data-foogallery-lightbox=\"{&quot;thumbs&quot;:&quot;bottom&quot;,&quot;thumbsCaptions&quot;:false,&quot;thumbsBestFit&quot;:false,&quot;thumbsSmall&quot;:false,&quot;thumbsCaptionsAlign&quot;:&quot;default&quot;,&quot;info&quot;:&quot;bottom&quot;,&quot;infoVisible&quot;:true,&quot;infoOverlay&quot;:true,&quot;infoAlign&quot;:&quot;default&quot;,&quot;transition&quot;:&quot;fade&quot;,&quot;hoverButtons&quot;:false,&quot;fitMedia&quot;:false,&quot;noScrollbars&quot;:true,&quot;preserveButtonSpace&quot;:true,&quot;buttons&quot;:{&quot;fullscreen&quot;:true,&quot;info&quot;:true,&quot;thumbs&quot;:false},&quot;video&quot;:{&quot;autoPlay&quot;:true}}\" >\n\t<div class=\"fg-item fg-type-image fg-idle\"><figure class=\"fg-item-inner\"><a href=\"https:\/\/cdn.shortpixel.ai\/client\/q_lossy,ret_wait\/https:\/\/osoriogomestattoo.com\/wp-content\/uploads\/2025\/08\/Sugerencia-lamina-4.webp\" data-caption-desc=\"L\u00e1mina monocroma de un nav\u00edo azotado por la tormenta bajo el rostro tit\u00e1nico de una deidad en las nubes. Enmarca la escena un marco dorado sobre mesa clara, con jarr\u00f3n de margaritas y pared de ladrillo.\" data-attachment-id=\"1413\" data-spai-upd=\"1\" data-type=\"image\" class=\"fg-thumb\"><span class=\"fg-image-wrap\"><img fetchpriority=\"high\" decoding=\"async\" alt=\"Marco dorado con grabado en blanco y negro de barco en tormenta y rostro en las nubes, sobre mesa con margaritas y fondo de ladrillo.\" height=\"320\" width=\"320\" class=\"skip-lazy fg-image\" data-src-fg=\"https:\/\/cdn.shortpixel.ai\/client\/h_320,q_lossy,ret_wait\/https:\/\/osoriogomestattoo.com\/wp-content\/uploads\/2025\/08\/Sugerencia-lamina-4.webp\" src=\"data:image\/svg+xml,%3Csvg%20xmlns%3D%22http%3A%2F%2Fwww.w3.org%2F2000%2Fsvg%22%20width%3D%22320%22%20height%3D%22320%22%20viewBox%3D%220%200%20320%20320%22%3E%3C%2Fsvg%3E\" loading=\"eager\" title=\"\"><\/span><span class=\"fg-image-overlay\"><\/span><\/a><figcaption class=\"fg-caption\"><div class=\"fg-caption-inner\"><\/div><\/figcaption><\/figure><div class=\"fg-loader\"><\/div><\/div><div class=\"fg-item fg-type-image fg-idle\"><figure class=\"fg-item-inner\"><a href=\"https:\/\/cdn.shortpixel.ai\/client\/q_lossy,ret_wait\/https:\/\/osoriogomestattoo.com\/wp-content\/uploads\/2025\/08\/Sugerencia-lamina-3.webp\" data-caption-desc=\"Obra en blanco y negro donde un valle entero se transforma en figura femenina de monta\u00f1a; el marco dorado reposa en escritorio de madera con l\u00e1mpara negra, cuaderno y pared verde.\" data-attachment-id=\"1414\" data-spai-upd=\"1\" data-type=\"image\" class=\"fg-thumb\"><span class=\"fg-image-wrap\"><img decoding=\"async\" alt=\"L\u00e1mina monocroma de mujer formada por monta\u00f1as en marco dorado, sobre escritorio con l\u00e1mpara y cuaderno, pared verde de fondo.\" height=\"320\" width=\"320\" class=\"skip-lazy fg-image\" data-src-fg=\"https:\/\/cdn.shortpixel.ai\/client\/h_320,q_lossy,ret_wait\/https:\/\/osoriogomestattoo.com\/wp-content\/uploads\/2025\/08\/Sugerencia-lamina-3.webp\" src=\"data:image\/svg+xml,%3Csvg%20xmlns%3D%22http%3A%2F%2Fwww.w3.org%2F2000%2Fsvg%22%20width%3D%22320%22%20height%3D%22320%22%20viewBox%3D%220%200%20320%20320%22%3E%3C%2Fsvg%3E\" loading=\"eager\" title=\"\"><\/span><span class=\"fg-image-overlay\"><\/span><\/a><figcaption class=\"fg-caption\"><div class=\"fg-caption-inner\"><\/div><\/figcaption><\/figure><div class=\"fg-loader\"><\/div><\/div><div class=\"fg-item fg-type-image fg-idle\"><figure class=\"fg-item-inner\"><a href=\"https:\/\/cdn.shortpixel.ai\/client\/q_lossy,ret_wait\/https:\/\/osoriogomestattoo.com\/wp-content\/uploads\/2025\/08\/Sugerencia-lamina-2.webp\" data-caption-desc=\"Composici\u00f3n cl\u00e1sica: un h\u00e9roe musculoso abraza una columna entre rel\u00e1mpagos. El marco dorado se apoya en mesa neutra con libros abiertos, l\u00e1mpara negra y jarr\u00f3n de pampas.\" data-attachment-id=\"1415\" data-spai-upd=\"1\" data-type=\"image\" class=\"fg-thumb\"><span class=\"fg-image-wrap\"><img decoding=\"async\" alt=\"Grabado monocromo de figura cl\u00e1sica sujetando columna, enmarcado en oro sobre escritorio con libros, l\u00e1mpara y pampas secas.\" height=\"320\" width=\"320\" class=\"skip-lazy fg-image\" data-src-fg=\"https:\/\/cdn.shortpixel.ai\/client\/h_320,q_lossy,ret_wait\/https:\/\/osoriogomestattoo.com\/wp-content\/uploads\/2025\/08\/Sugerencia-lamina-2.webp\" src=\"data:image\/svg+xml,%3Csvg%20xmlns%3D%22http%3A%2F%2Fwww.w3.org%2F2000%2Fsvg%22%20width%3D%22320%22%20height%3D%22320%22%20viewBox%3D%220%200%20320%20320%22%3E%3C%2Fsvg%3E\" loading=\"eager\" title=\"\"><\/span><span class=\"fg-image-overlay\"><\/span><\/a><figcaption class=\"fg-caption\"><div class=\"fg-caption-inner\"><\/div><\/figcaption><\/figure><div class=\"fg-loader\"><\/div><\/div><div class=\"fg-item fg-type-image fg-idle\"><figure class=\"fg-item-inner\"><a href=\"https:\/\/cdn.shortpixel.ai\/client\/q_lossy,ret_wait\/https:\/\/osoriogomestattoo.com\/wp-content\/uploads\/2025\/08\/Sugerencia-lamina-1.webp\" data-caption-desc=\"Un \u00e1ngel asciende hacia un resplandor entre nubes y aves. La l\u00e1mina, enmarcada en oro, est\u00e1 sobre consola de madera con peque\u00f1o florero y portal\u00e1pices; pared oscura con patr\u00f3n discreto.\" data-attachment-id=\"1416\" data-spai-upd=\"1\" data-type=\"image\" class=\"fg-thumb\"><span class=\"fg-image-wrap\"><img decoding=\"async\" alt=\"\u00c1ngel alzando vuelo hacia la luz, l\u00e1mina en blanco y negro con marco dorado sobre consola con flores; pared oscura estampada al fondo.\" height=\"320\" width=\"320\" class=\"skip-lazy fg-image\" data-src-fg=\"https:\/\/cdn.shortpixel.ai\/client\/h_320,q_lossy,ret_wait\/https:\/\/osoriogomestattoo.com\/wp-content\/uploads\/2025\/08\/Sugerencia-lamina-1.webp\" src=\"data:image\/svg+xml,%3Csvg%20xmlns%3D%22http%3A%2F%2Fwww.w3.org%2F2000%2Fsvg%22%20width%3D%22320%22%20height%3D%22320%22%20viewBox%3D%220%200%20320%20320%22%3E%3C%2Fsvg%3E\" loading=\"eager\" title=\"\"><\/span><span class=\"fg-image-overlay\"><\/span><\/a><figcaption class=\"fg-caption\"><div class=\"fg-caption-inner\"><\/div><\/figcaption><\/figure><div class=\"fg-loader\"><\/div><\/div><\/div>\n<\/div><\/div><\/div>\n<\/div><\/div>\n\n\n\n<div class=\"wp-block-stackable-divider stk-block-divider stk-block stk-d94fdca is-style-asterisks\" data-block-id=\"d94fdca\"><style>.stk-d94fdca .stk-block-divider__dot:before{font-size:calc(24px * 1.8) !important;}.stk-d94fdca .stk-block-divider__dot{width:24px !important;height:24px !important;}.stk-d94fdca .stk-block-divider__dots{width:46% !important;}<\/style><div class=\"stk-block-divider__dots\" aria-hidden=\"true\"><div class=\"stk-block-divider__dot\"><\/div><div class=\"stk-block-divider__dot\"><\/div><div class=\"stk-block-divider__dot\"><\/div><\/div><\/div>\n\n\n\n<div class=\"wp-block-stackable-columns alignfull stk-block-columns stk-block stk-f992a5c\" data-block-id=\"f992a5c\"><div class=\"stk-row stk-inner-blocks stk-block-content stk-content-align stk-f992a5c-column\">\n<div class=\"wp-block-stackable-column stk-block-column stk-column stk-block stk-71fa9dd\" data-v=\"4\" data-block-id=\"71fa9dd\"><div class=\"stk-column-wrapper stk-block-column__content stk-container stk-71fa9dd-container stk--no-background stk--no-padding\"><div class=\"stk-block-content stk-inner-blocks stk-71fa9dd-inner-blocks\">\t\t\t<style>\n                #foogallery-gallery-1422.fg-justified .fg-item {\n                    margin-right: 2px;\n                    margin-bottom: 2px;\n                }\n\n                #foogallery-gallery-1422.fg-justified .fg-image {\n                    height: 200px;\n                }\n\t\t\t<\/style>\n\t\t\t<div class=\"foogallery foogallery-container foogallery-justified foogallery-lightbox-none fg-justified fg-light fg-shadow-outline fg-loading-default fg-loaded-fade-in fg-caption-always fg-hover-fade fg-hover-zoom2 fg-ready\" id=\"foogallery-gallery-1422\" data-foogallery=\"{&quot;item&quot;:{&quot;showCaptionTitle&quot;:true,&quot;showCaptionDescription&quot;:false},&quot;lazy&quot;:true,&quot;template&quot;:{&quot;rowHeight&quot;:200,&quot;maxRowHeight&quot;:320,&quot;margins&quot;:2,&quot;align&quot;:&quot;center&quot;,&quot;lastRow&quot;:&quot;smart&quot;}}\" >\n\t<div class=\"fg-item fg-type-iframe fg-idle\"><figure class=\"fg-item-inner\"><a href=\"https:\/\/cdn.shortpixel.ai\/client\/q_lossy,ret_wait\/https:\/\/skfb.ly\/pA7RI\" data-caption-desc=\"Visualizaci\u00f3n 3D de un tatuaje peque\u00f1o inspirado en el Sol Invictus. Un emblema solar sobrio en negro se ubica sobre el antebrazo, siguiendo el flujo natural del m\u00fasculo. Pieza pensada para quienes buscan un s\u00edmbolo de energ\u00eda y victoria interior con presencia discreta pero elocuente.\" data-attachment-id=\"1423\" data-spai-upd=\"1\" data-type=\"iframe\" class=\"fg-thumb\" target=\"_blank\" rel=\"noopener\"><span class=\"fg-image-wrap\"><img decoding=\"async\" alt=\"Visualizaci\u00f3n 3D de un tatuaje peque\u00f1o inspirado en el Sol Invictus. Un emblema solar sobrio en negro se ubica sobre el antebrazo, siguiendo el flujo natural del m\u00fasculo. Pieza pensada para quienes buscan un s\u00edmbolo de energ\u00eda y victoria interior con presencia discreta pero elocuente.\" height=\"320\" width=\"569\" class=\"skip-lazy fg-image\" data-src-fg=\"https:\/\/cdn.shortpixel.ai\/client\/h_320,q_lossy,ret_wait\/https:\/\/osoriogomestattoo.com\/wp-content\/uploads\/2025\/08\/Captura-de-pantalla-2025-08-19-a-las-14.38.13.webp\" src=\"data:image\/svg+xml,%3Csvg%20xmlns%3D%22http%3A%2F%2Fwww.w3.org%2F2000%2Fsvg%22%20width%3D%22569%22%20height%3D%22320%22%20viewBox%3D%220%200%20569%20320%22%3E%3C%2Fsvg%3E\" loading=\"eager\" title=\"\"><\/span><span class=\"fg-image-overlay\"><\/span><\/a><figcaption class=\"fg-caption\"><div class=\"fg-caption-inner\"><\/div><\/figcaption><\/figure><div class=\"fg-loader\"><\/div><\/div><div class=\"fg-item fg-type-iframe fg-idle\"><figure class=\"fg-item-inner\"><a href=\"https:\/\/cdn.shortpixel.ai\/client\/q_lossy,ret_wait\/https:\/\/skfb.ly\/pA7RU\" data-caption-desc=\"Composici\u00f3n grande de le\u00f3n, leona y cachorros tatuada en el brazo. La escena resalta la figura masculina como pilar social: protecci\u00f3n, liderazgo y legado. Trabajo en negros y grises con foco en textura, mirada y jerarqu\u00eda.\" data-attachment-id=\"1424\" data-spai-upd=\"1\" data-type=\"iframe\" class=\"fg-thumb\" target=\"_blank\" rel=\"noopener\"><span class=\"fg-image-wrap\"><img decoding=\"async\" alt=\"Composici\u00f3n grande de le\u00f3n, leona y cachorros tatuada en el brazo. La escena resalta la figura masculina como pilar social: protecci\u00f3n, liderazgo y legado. Trabajo en negros y grises con foco en textura, mirada y jerarqu\u00eda.\" height=\"320\" width=\"569\" class=\"skip-lazy fg-image\" data-src-fg=\"https:\/\/cdn.shortpixel.ai\/client\/h_320,q_lossy,ret_wait\/https:\/\/osoriogomestattoo.com\/wp-content\/uploads\/2025\/08\/Captura-de-pantalla-2025-08-19-a-las-14.37.33.webp\" src=\"data:image\/svg+xml,%3Csvg%20xmlns%3D%22http%3A%2F%2Fwww.w3.org%2F2000%2Fsvg%22%20width%3D%22569%22%20height%3D%22320%22%20viewBox%3D%220%200%20569%20320%22%3E%3C%2Fsvg%3E\" loading=\"eager\" title=\"\"><\/span><span class=\"fg-image-overlay\"><\/span><\/a><figcaption class=\"fg-caption\"><div class=\"fg-caption-inner\"><\/div><\/figcaption><\/figure><div class=\"fg-loader\"><\/div><\/div><div class=\"fg-item fg-type-iframe fg-idle\"><figure class=\"fg-item-inner\"><a href=\"https:\/\/cdn.shortpixel.ai\/client\/q_lossy,ret_wait\/https:\/\/skfb.ly\/pA7Sp\" data-caption-desc=\"Pieza grande para brazo superior\/hombro que representa el encuentro con lo sagrado: figura ascendente bajo un haz de luz entre nubes y rel\u00e1mpagos. Un dise\u00f1o de alto contraste que abraza deltoides y b\u00edceps, pensado para enfatizar volumen y direcci\u00f3n del gesto.\" data-attachment-id=\"1425\" data-spai-upd=\"1\" data-type=\"iframe\" class=\"fg-thumb\" target=\"_blank\" rel=\"noopener\"><span class=\"fg-image-wrap\"><img decoding=\"async\" alt=\"Pieza grande para brazo superior\/hombro que representa el encuentro con lo sagrado: figura ascendente bajo un haz de luz entre nubes y rel\u00e1mpagos. Un dise\u00f1o de alto contraste que abraza deltoides y b\u00edceps, pensado para enfatizar volumen y direcci\u00f3n del gesto.\" height=\"320\" width=\"569\" class=\"skip-lazy fg-image\" data-src-fg=\"https:\/\/cdn.shortpixel.ai\/client\/h_320,q_lossy,ret_wait\/https:\/\/osoriogomestattoo.com\/wp-content\/uploads\/2025\/08\/Captura-de-pantalla-2025-08-19-a-las-14.36.53.webp\" src=\"data:image\/svg+xml,%3Csvg%20xmlns%3D%22http%3A%2F%2Fwww.w3.org%2F2000%2Fsvg%22%20width%3D%22569%22%20height%3D%22320%22%20viewBox%3D%220%200%20569%20320%22%3E%3C%2Fsvg%3E\" loading=\"eager\" title=\"\"><\/span><span class=\"fg-image-overlay\"><\/span><\/a><figcaption class=\"fg-caption\"><div class=\"fg-caption-inner\"><\/div><\/figcaption><\/figure><div class=\"fg-loader\"><\/div><\/div><div class=\"fg-item fg-type-image fg-idle\"><figure class=\"fg-item-inner\"><a href=\"https:\/\/cdn.shortpixel.ai\/client\/q_lossy,ret_wait\/https:\/\/osoriogomestattoo.com\/wp-content\/uploads\/2025\/08\/Captura-de-pantalla-2025-08-19-a-las-15.10.41-scaled.png\" data-caption-desc=\"Tatuaje peque\u00f1o a la altura de la mu\u00f1eca que simboliza el renacimiento\/solsticio de verano. Discreto, significativo y de lectura clara en formato m\u00ednimo.\" data-attachment-id=\"1428\" data-spai-upd=\"1\" data-type=\"image\" class=\"fg-thumb\"><span class=\"fg-image-wrap\"><img decoding=\"async\" alt=\"Tatuaje peque\u00f1o a la altura de la mu\u00f1eca que simboliza el renacimiento\/solsticio de verano. Discreto, significativo y de lectura clara en formato m\u00ednimo.\" height=\"320\" width=\"569\" class=\"skip-lazy fg-image\" data-src-fg=\"https:\/\/cdn.shortpixel.ai\/client\/h_320,q_lossy,ret_wait\/https:\/\/osoriogomestattoo.com\/wp-content\/uploads\/2025\/08\/Captura-de-pantalla-2025-08-19-a-las-15.10.41-scaled.png\" src=\"data:image\/svg+xml,%3Csvg%20xmlns%3D%22http%3A%2F%2Fwww.w3.org%2F2000%2Fsvg%22%20width%3D%22569%22%20height%3D%22320%22%20viewBox%3D%220%200%20569%20320%22%3E%3C%2Fsvg%3E\" loading=\"eager\" title=\"\"><\/span><span class=\"fg-image-overlay\"><\/span><\/a><figcaption class=\"fg-caption\"><div class=\"fg-caption-inner\"><\/div><\/figcaption><\/figure><div class=\"fg-loader\"><\/div><\/div><\/div>\n<\/div><\/div><\/div>\n<\/div><\/div>\n\n\n\n<div class=\"wp-block-stackable-divider stk-block-divider stk-block stk-c554bcc is-style-asterisks\" data-block-id=\"c554bcc\"><style>.stk-c554bcc .stk-block-divider__dot:before{font-size:calc(24px * 1.8) !important;}.stk-c554bcc .stk-block-divider__dot{width:24px !important;height:24px !important;}.stk-c554bcc .stk-block-divider__dots{width:46% !important;}<\/style><div class=\"stk-block-divider__dots\" aria-hidden=\"true\"><div class=\"stk-block-divider__dot\"><\/div><div class=\"stk-block-divider__dot\"><\/div><div class=\"stk-block-divider__dot\"><\/div><\/div><\/div>","protected":false},"excerpt":{"rendered":"<p>Presentaci\u00f3n en espacio y piel Cuatro ambientes, cuatro anatom\u00edas En esta secci\u00f3n ver\u00e1s c\u00f3mo cada dise\u00f1o puede habitar un espacio y, cuando corresponde, la piel. Las&nbsp;cuatro fotograf\u00edas muestran&nbsp;l\u00e1minas montadas&nbsp;en distintos ambientes para imaginar su presencia real; las medidas visibles son&nbsp;ilustrativas. Trabajo con una&nbsp;tabla de tama\u00f1os est\u00e1ndar&nbsp;(indicada en cada ficha),&nbsp;y tambi\u00e9n acepto encargos: si necesitas&nbsp;otra medida, [&hellip;]<\/p>","protected":false},"author":1,"featured_media":0,"parent":0,"menu_order":0,"comment_status":"closed","ping_status":"closed","template":"","meta":{"_joinchat":[],"footnotes":""},"class_list":["post-1391","page","type-page","status-publish","hentry"],"blocksy_meta":[],"_links":{"self":[{"href":"https:\/\/osoriogomestattoo.com\/en\/wp-json\/wp\/v2\/pages\/1391","targetHints":{"allow":["GET"]}}],"collection":[{"href":"https:\/\/osoriogomestattoo.com\/en\/wp-json\/wp\/v2\/pages"}],"about":[{"href":"https:\/\/osoriogomestattoo.com\/en\/wp-json\/wp\/v2\/types\/page"}],"author":[{"embeddable":true,"href":"https:\/\/osoriogomestattoo.com\/en\/wp-json\/wp\/v2\/users\/1"}],"replies":[{"embeddable":true,"href":"https:\/\/osoriogomestattoo.com\/en\/wp-json\/wp\/v2\/comments?post=1391"}],"version-history":[{"count":13,"href":"https:\/\/osoriogomestattoo.com\/en\/wp-json\/wp\/v2\/pages\/1391\/revisions"}],"predecessor-version":[{"id":1634,"href":"https:\/\/osoriogomestattoo.com\/en\/wp-json\/wp\/v2\/pages\/1391\/revisions\/1634"}],"wp:attachment":[{"href":"https:\/\/osoriogomestattoo.com\/en\/wp-json\/wp\/v2\/media?parent=1391"}],"curies":[{"name":"wp","href":"https:\/\/api.w.org\/{rel}","templated":true}]}}