{"id":1562,"date":"2025-08-21T16:16:50","date_gmt":"2025-08-21T16:16:50","guid":{"rendered":"https:\/\/osoriogomestattoo.com\/?page_id=1562"},"modified":"2025-08-22T18:47:29","modified_gmt":"2025-08-22T18:47:29","slug":"cuidados-del-tatuaje","status":"publish","type":"page","link":"https:\/\/osoriogomestattoo.com\/en\/cuidados-del-tatuaje\/","title":{"rendered":"Tattoo Aftercare"},"content":{"rendered":"<div class=\"wp-block-stackable-heading stk-block-heading stk-block-heading--v2 stk-block stk-0db70b2\" id=\"cuidados-del-tatuaje\" data-block-id=\"0db70b2\"><style>.stk-0db70b2 .stk-block-heading__text{color:#be5408 !important;}<\/style><h1 class=\"stk-block-heading__text has-text-color\"> Tattoo Aftercare<\/h1><\/div>\n\n\n\n<div class=\"wp-block-stackable-columns stk-block-columns stk-block stk-d722e4c\" data-block-id=\"d722e4c\"><style>.stk-d722e4c .stk--block-align-d722e4c{align-items:center !important;}<\/style><div class=\"stk-row stk-inner-blocks stk--block-align-d722e4c stk-block-content stk-content-align stk-d722e4c-column\">\n<div class=\"wp-block-stackable-column stk-block-column stk-column stk-block stk-f029c0d\" data-v=\"4\" data-block-id=\"f029c0d\"><div class=\"stk-column-wrapper stk-block-column__content stk-container stk-f029c0d-container stk--no-background stk--no-padding\"><div class=\"stk-block-content stk-inner-blocks stk-f029c0d-inner-blocks\">\n<div class=\"wp-block-stackable-heading stk-block-heading stk-block-heading--v2 stk-block stk-92b6148\" id=\"cuidar-tu-tatuaje-es-prolongar-su-vida\" data-block-id=\"92b6148\"><style>.stk-92b6148 .stk-block-heading__text{font-size:var(--stk--preset--font-size--x-large, 50px) !important;color:#742501 !important;}@media screen and (max-width:999px){.stk-92b6148 .stk-block-heading__text{font-size:var(--stk--preset--font-size--x-large, 50px) !important;}}<\/style><h2 class=\"stk-block-heading__text has-text-color\">Caring for Your Tattoo is Prolonging Its Life<\/h2><\/div>\n\n\n\n<div class=\"wp-block-stackable-text stk-block-text stk-block stk-e4d0e5c\" data-block-id=\"e4d0e5c\"><style>.stk-e4d0e5c .stk-block-text__text{font-size:var(--stk--preset--font-size--medium, 20px) !important;}@media screen and (max-width:999px){.stk-e4d0e5c .stk-block-text__text{font-size:var(--stk--preset--font-size--medium, 20px) !important;}}<\/style><p class=\"stk-block-text__text\">A tattoo does not end when the machine falls silent. Freshly laid ink is like a newborn work of art: fragile, alive, and in transformation. Caring for it during the first days is as important as the design itself, for these early steps will determine whether the piece preserves its strength, color, and definition for a lifetime.<\/p><\/div>\n<\/div><\/div><\/div>\n\n\n\n<div class=\"wp-block-stackable-column stk-block-column stk-column stk-block stk-0339ab8\" data-v=\"4\" data-block-id=\"0339ab8\"><div class=\"stk-column-wrapper stk-block-column__content stk-container stk-0339ab8-container stk--no-background stk--no-padding\"><div class=\"stk-block-content stk-inner-blocks stk-0339ab8-inner-blocks\">\n<div class=\"wp-block-stackable-image stk-block-image stk-block stk-127540b\" data-block-id=\"127540b\"><style>.stk-127540b .stk-img-wrapper{width:50% !important;}<\/style><figure><span class=\"stk-img-wrapper stk-image--shape-stretch\"><img loading=\"lazy\" decoding=\"async\" class=\"stk-img wp-image-1612\" src=\"https:\/\/osoriogomestattoo.com\/wp-content\/uploads\/2025\/08\/ChatGPT-Image-21-ago-2025-22_18_53.webp\" width=\"1600\" height=\"2400\" alt=\"\" title=\"\" srcset=\"https:\/\/osoriogomestattoo.com\/wp-content\/uploads\/2025\/08\/ChatGPT-Image-21-ago-2025-22_18_53.webp 1600w, https:\/\/osoriogomestattoo.com\/wp-content\/uploads\/2025\/08\/ChatGPT-Image-21-ago-2025-22_18_53-200x300.webp 200w, https:\/\/osoriogomestattoo.com\/wp-content\/uploads\/2025\/08\/ChatGPT-Image-21-ago-2025-22_18_53-683x1024.webp 683w, https:\/\/osoriogomestattoo.com\/wp-content\/uploads\/2025\/08\/ChatGPT-Image-21-ago-2025-22_18_53-768x1152.webp 768w, https:\/\/osoriogomestattoo.com\/wp-content\/uploads\/2025\/08\/ChatGPT-Image-21-ago-2025-22_18_53-1024x1536.webp 1024w, https:\/\/osoriogomestattoo.com\/wp-content\/uploads\/2025\/08\/ChatGPT-Image-21-ago-2025-22_18_53-1365x2048.webp 1365w, https:\/\/osoriogomestattoo.com\/wp-content\/uploads\/2025\/08\/ChatGPT-Image-21-ago-2025-22_18_53-8x12.webp 8w\" sizes=\"auto, (max-width: 1600px) 100vw, 1600px\" \/><\/span><\/figure><\/div>\n<\/div><\/div><\/div>\n<\/div><\/div>\n\n\n\n<div class=\"wp-block-stackable-separator alignfull stk-block-separator stk--no-padding stk-block stk-c52d858\" data-block-id=\"c52d858\"><style>.stk-c52d858 svg{fill:#616161 !important;}<\/style><div class=\"stk-block-separator__inner\"><svg xmlns=\"http:\/\/www.w3.org\/2000\/svg\" viewbox=\"0 0 1600 200\" class=\"stk-separator__layer-1\" preserveaspectratio=\"none\" aria-hidden=\"true\"><path class=\"wave-1_svg__st2\" d=\"M1341.4 48.9c-182.4 0-254.2 80.4-429.4 80.4-117.8 0-209.7-67.5-393.5-67.5-142.2 0-212.6 38.8-324.6 38.8S-10 64.7-10 64.7V210h1620V102c-110.6-40.2-181-53.1-268.6-53.1z\"><\/path><\/svg><\/div><\/div>\n\n\n\n<div class=\"wp-block-stackable-columns stk-block-columns stk-block stk-9b3faed\" id=\"2-hidratacion-y-proteccion\" data-block-id=\"9b3faed\"><div class=\"stk-row stk-inner-blocks stk-block-content stk-content-align stk-9b3faed-column\">\n<div class=\"wp-block-stackable-column stk-block-column stk-column stk-block stk-02f9e52\" data-v=\"4\" data-block-id=\"02f9e52\"><div class=\"stk-column-wrapper stk-block-column__content stk-container stk-02f9e52-container stk--no-background stk--no-padding\"><div class=\"stk-block-content stk-inner-blocks stk-02f9e52-inner-blocks\">\n<div class=\"wp-block-stackable-image stk-block-image stk-block stk-c790da5\" data-block-id=\"c790da5\"><style>.stk-c790da5 .stk-img-wrapper{width:50% !important;}<\/style><figure><span class=\"stk-img-wrapper stk-image--shape-stretch\"><img loading=\"lazy\" decoding=\"async\" class=\"stk-img wp-image-1607\" src=\"https:\/\/osoriogomestattoo.com\/wp-content\/uploads\/2025\/08\/ChatGPT-Image-21-ago-2025-21_06_42.webp\" width=\"1600\" height=\"2400\" alt=\"\" title=\"\" srcset=\"https:\/\/osoriogomestattoo.com\/wp-content\/uploads\/2025\/08\/ChatGPT-Image-21-ago-2025-21_06_42.webp 1600w, https:\/\/osoriogomestattoo.com\/wp-content\/uploads\/2025\/08\/ChatGPT-Image-21-ago-2025-21_06_42-200x300.webp 200w, https:\/\/osoriogomestattoo.com\/wp-content\/uploads\/2025\/08\/ChatGPT-Image-21-ago-2025-21_06_42-683x1024.webp 683w, https:\/\/osoriogomestattoo.com\/wp-content\/uploads\/2025\/08\/ChatGPT-Image-21-ago-2025-21_06_42-768x1152.webp 768w, https:\/\/osoriogomestattoo.com\/wp-content\/uploads\/2025\/08\/ChatGPT-Image-21-ago-2025-21_06_42-1024x1536.webp 1024w, https:\/\/osoriogomestattoo.com\/wp-content\/uploads\/2025\/08\/ChatGPT-Image-21-ago-2025-21_06_42-1365x2048.webp 1365w, https:\/\/osoriogomestattoo.com\/wp-content\/uploads\/2025\/08\/ChatGPT-Image-21-ago-2025-21_06_42-8x12.webp 8w\" sizes=\"auto, (max-width: 1600px) 100vw, 1600px\" \/><\/span><\/figure><\/div>\n<\/div><\/div><\/div>\n\n\n\n<div class=\"wp-block-stackable-column stk-block-column stk-column stk-block stk-0a33792\" data-v=\"4\" data-block-id=\"0a33792\"><div class=\"stk-column-wrapper stk-block-column__content stk-container stk-0a33792-container stk--no-background stk--no-padding\"><div class=\"stk-block-content stk-inner-blocks stk-0a33792-inner-blocks\">\n<div class=\"wp-block-stackable-heading stk-block-heading stk-block-heading--v2 stk-block stk-be3ca1f\" id=\"1-limpieza-inicial\" data-block-id=\"be3ca1f\"><style>.stk-be3ca1f .stk-block-heading__text{color:#638071 !important;}<\/style><h2 class=\"stk-block-heading__text has-text-color\">1. Initial Cleaning<\/h2><\/div>\n\n\n\n<ul class=\"wp-block-list has-medium-font-size\">\n<li class=\"has-medium-font-size\">Wash your hands before touching your tattoo.<\/li>\n\n\n\n<li>Remove the bandage after the first few hours (according to your artist\u2019s instructions).<\/li>\n\n\n\n<li>Gently wash the area with lukewarm water and a mild, fragrance-free soap. Do not scrub.<\/li>\n<\/ul>\n<\/div><\/div><\/div>\n<\/div><\/div>\n\n\n\n<div class=\"wp-block-stackable-columns stk-block-columns stk-block stk-8e6b07c\" id=\"2-hidratacion-y-proteccion\" data-block-id=\"8e6b07c\"><div class=\"stk-row stk-inner-blocks stk-block-content stk-content-align stk-8e6b07c-column\">\n<div class=\"wp-block-stackable-column stk-block-column stk-column stk-block stk-b3b0a54\" data-v=\"4\" data-block-id=\"b3b0a54\"><div class=\"stk-column-wrapper stk-block-column__content stk-container stk-b3b0a54-container stk--no-background stk--no-padding\"><div class=\"stk-block-content stk-inner-blocks stk-b3b0a54-inner-blocks\">\n<div class=\"wp-block-stackable-heading stk-block-heading stk-block-heading--v2 stk-block stk-12c5ccc\" id=\"2-hidratacion-y-proteccion\" data-block-id=\"12c5ccc\"><style>.stk-12c5ccc .stk-block-heading__text{color:#638071 !important;}<\/style><h2 class=\"stk-block-heading__text has-text-color\">2. Hydration and Protection<\/h2><\/div>\n\n\n\n<ul class=\"wp-block-list has-medium-font-size\">\n<li class=\"has-medium-font-size\">Pat the skin dry with soft touches, never rubbing.<\/li>\n\n\n\n<li>Apply a thin layer of the healing ointment recommended by your artist.<\/li>\n\n\n\n<li>Avoid perfumed lotions or greasy products.<\/li>\n<\/ul>\n<\/div><\/div><\/div>\n\n\n\n<div class=\"wp-block-stackable-column stk-block-column stk-column stk-block stk-f7c9f70\" data-v=\"4\" data-block-id=\"f7c9f70\"><div class=\"stk-column-wrapper stk-block-column__content stk-container stk-f7c9f70-container stk--no-background stk--no-padding\"><div class=\"stk-block-content stk-inner-blocks stk-f7c9f70-inner-blocks\">\n<div class=\"wp-block-stackable-image stk-block-image stk-block stk-f0518b6\" data-block-id=\"f0518b6\"><style>.stk-f0518b6 .stk-img-wrapper{width:50% !important;}<\/style><figure><span class=\"stk-img-wrapper stk-image--shape-stretch\"><img loading=\"lazy\" decoding=\"async\" class=\"stk-img wp-image-1606\" src=\"https:\/\/osoriogomestattoo.com\/wp-content\/uploads\/2025\/08\/ChatGPT-Image-21-ago-2025-21_17_46.webp\" width=\"1600\" height=\"2400\" alt=\"\" title=\"\" srcset=\"https:\/\/osoriogomestattoo.com\/wp-content\/uploads\/2025\/08\/ChatGPT-Image-21-ago-2025-21_17_46.webp 1600w, https:\/\/osoriogomestattoo.com\/wp-content\/uploads\/2025\/08\/ChatGPT-Image-21-ago-2025-21_17_46-200x300.webp 200w, https:\/\/osoriogomestattoo.com\/wp-content\/uploads\/2025\/08\/ChatGPT-Image-21-ago-2025-21_17_46-683x1024.webp 683w, https:\/\/osoriogomestattoo.com\/wp-content\/uploads\/2025\/08\/ChatGPT-Image-21-ago-2025-21_17_46-768x1152.webp 768w, https:\/\/osoriogomestattoo.com\/wp-content\/uploads\/2025\/08\/ChatGPT-Image-21-ago-2025-21_17_46-1024x1536.webp 1024w, https:\/\/osoriogomestattoo.com\/wp-content\/uploads\/2025\/08\/ChatGPT-Image-21-ago-2025-21_17_46-1365x2048.webp 1365w, https:\/\/osoriogomestattoo.com\/wp-content\/uploads\/2025\/08\/ChatGPT-Image-21-ago-2025-21_17_46-8x12.webp 8w\" sizes=\"auto, (max-width: 1600px) 100vw, 1600px\" \/><\/span><\/figure><\/div>\n<\/div><\/div><\/div>\n<\/div><\/div>\n\n\n\n<div class=\"wp-block-stackable-columns stk-block-columns stk-block stk-86a5f2b\" data-block-id=\"86a5f2b\"><div class=\"stk-row stk-inner-blocks stk-block-content stk-content-align stk-86a5f2b-column\">\n<div class=\"wp-block-stackable-column stk-block-column stk-column stk-block stk-08b582a\" data-v=\"4\" data-block-id=\"08b582a\"><div class=\"stk-column-wrapper stk-block-column__content stk-container stk-08b582a-container stk--no-background stk--no-padding\"><div class=\"stk-block-content stk-inner-blocks stk-08b582a-inner-blocks\">\n<div class=\"wp-block-stackable-image stk-block-image stk-block stk-72e458c\" data-block-id=\"72e458c\"><style>.stk-72e458c .stk-img-wrapper{width:50% !important;}<\/style><figure><span class=\"stk-img-wrapper stk-image--shape-stretch\"><img loading=\"lazy\" decoding=\"async\" class=\"stk-img wp-image-1579\" src=\"https:\/\/osoriogomestattoo.com\/wp-content\/uploads\/2025\/08\/ChatGPT-Image-21-ago-2025-19_31_26.webp\" width=\"1600\" height=\"2400\" alt=\"\" title=\"\" srcset=\"https:\/\/osoriogomestattoo.com\/wp-content\/uploads\/2025\/08\/ChatGPT-Image-21-ago-2025-19_31_26.webp 1600w, https:\/\/osoriogomestattoo.com\/wp-content\/uploads\/2025\/08\/ChatGPT-Image-21-ago-2025-19_31_26-200x300.webp 200w, https:\/\/osoriogomestattoo.com\/wp-content\/uploads\/2025\/08\/ChatGPT-Image-21-ago-2025-19_31_26-683x1024.webp 683w, https:\/\/osoriogomestattoo.com\/wp-content\/uploads\/2025\/08\/ChatGPT-Image-21-ago-2025-19_31_26-768x1152.webp 768w, https:\/\/osoriogomestattoo.com\/wp-content\/uploads\/2025\/08\/ChatGPT-Image-21-ago-2025-19_31_26-1024x1536.webp 1024w, https:\/\/osoriogomestattoo.com\/wp-content\/uploads\/2025\/08\/ChatGPT-Image-21-ago-2025-19_31_26-1365x2048.webp 1365w, https:\/\/osoriogomestattoo.com\/wp-content\/uploads\/2025\/08\/ChatGPT-Image-21-ago-2025-19_31_26-8x12.webp 8w\" sizes=\"auto, (max-width: 1600px) 100vw, 1600px\" \/><\/span><\/figure><\/div>\n<\/div><\/div><\/div>\n\n\n\n<div class=\"wp-block-stackable-column stk-block-column stk-column stk-block stk-dab0508\" data-v=\"4\" data-block-id=\"dab0508\"><div class=\"stk-column-wrapper stk-block-column__content stk-container stk-dab0508-container stk--no-background stk--no-padding\"><div class=\"stk-block-content stk-inner-blocks stk-dab0508-inner-blocks\">\n<div class=\"wp-block-stackable-heading stk-block-heading stk-block-heading--v2 stk-block stk-5a55c66\" id=\"3-evita-riesgos\" data-block-id=\"5a55c66\"><style>.stk-5a55c66 .stk-block-heading__text{color:#638071 !important;}<\/style><h2 class=\"stk-block-heading__text has-text-color\">3. Avoid Risks<\/h2><\/div>\n\n\n\n<ul class=\"wp-block-list has-medium-font-size\">\n<li class=\"has-medium-font-size\">Keep the tattoo away from sunlight and tanning beds.<\/li>\n\n\n\n<li>Avoid pools, the sea, saunas, or long baths.<\/li>\n\n\n\n<li>Do not wear overly tight clothing that could irritate the area.<\/li>\n<\/ul>\n<\/div><\/div><\/div>\n<\/div><\/div>\n\n\n\n<div class=\"wp-block-stackable-columns stk-block-columns stk-block stk-ae923ca\" data-block-id=\"ae923ca\"><div class=\"stk-row stk-inner-blocks stk-block-content stk-content-align stk-ae923ca-column\">\n<div class=\"wp-block-stackable-column stk-block-column stk-column stk-block stk-768162d\" data-v=\"4\" data-block-id=\"768162d\"><div class=\"stk-column-wrapper stk-block-column__content stk-container stk-768162d-container stk--no-background stk--no-padding\"><div class=\"stk-block-content stk-inner-blocks stk-768162d-inner-blocks\">\n<div class=\"wp-block-stackable-heading stk-block-heading stk-block-heading--v2 stk-block stk-c4dc1d2\" id=\"4-paciencia-y-constancia\" data-block-id=\"c4dc1d2\"><style>.stk-c4dc1d2 .stk-block-heading__text{color:#638071 !important;}<\/style><h2 class=\"stk-block-heading__text has-text-color\">4. Patience and Consistency<\/h2><\/div>\n\n\n\n<ul class=\"wp-block-list has-medium-font-size\">\n<li class=\"has-medium-font-size\">During the first weeks, moisturize the tattoo several times a day.<\/li>\n\n\n\n<li>Do not pick at scabs or scratch the skin.<\/li>\n\n\n\n<li>Once healed, always protect your tattoo with sunscreen.<\/li>\n<\/ul>\n<\/div><\/div><\/div>\n\n\n\n<div class=\"wp-block-stackable-column stk-block-column stk-column stk-block stk-25d83b4\" data-v=\"4\" data-block-id=\"25d83b4\"><div class=\"stk-column-wrapper stk-block-column__content stk-container stk-25d83b4-container stk--no-background stk--no-padding\"><div class=\"stk-block-content stk-inner-blocks stk-25d83b4-inner-blocks\">\n<div class=\"wp-block-stackable-image stk-block-image stk-block stk-646ca48\" data-block-id=\"646ca48\"><style>.stk-646ca48 .stk-img-wrapper{width:50% !important;}<\/style><figure><span class=\"stk-img-wrapper stk-image--shape-stretch\"><img loading=\"lazy\" decoding=\"async\" class=\"stk-img wp-image-1605\" src=\"https:\/\/osoriogomestattoo.com\/wp-content\/uploads\/2025\/08\/ChatGPT-Image-21-ago-2025-21_23_49.webp\" width=\"1600\" height=\"2400\" alt=\"\" title=\"\" srcset=\"https:\/\/osoriogomestattoo.com\/wp-content\/uploads\/2025\/08\/ChatGPT-Image-21-ago-2025-21_23_49.webp 1600w, https:\/\/osoriogomestattoo.com\/wp-content\/uploads\/2025\/08\/ChatGPT-Image-21-ago-2025-21_23_49-200x300.webp 200w, https:\/\/osoriogomestattoo.com\/wp-content\/uploads\/2025\/08\/ChatGPT-Image-21-ago-2025-21_23_49-683x1024.webp 683w, https:\/\/osoriogomestattoo.com\/wp-content\/uploads\/2025\/08\/ChatGPT-Image-21-ago-2025-21_23_49-768x1152.webp 768w, https:\/\/osoriogomestattoo.com\/wp-content\/uploads\/2025\/08\/ChatGPT-Image-21-ago-2025-21_23_49-1024x1536.webp 1024w, https:\/\/osoriogomestattoo.com\/wp-content\/uploads\/2025\/08\/ChatGPT-Image-21-ago-2025-21_23_49-1365x2048.webp 1365w, https:\/\/osoriogomestattoo.com\/wp-content\/uploads\/2025\/08\/ChatGPT-Image-21-ago-2025-21_23_49-8x12.webp 8w\" sizes=\"auto, (max-width: 1600px) 100vw, 1600px\" \/><\/span><\/figure><\/div>\n<\/div><\/div><\/div>\n<\/div><\/div>\n\n\n\n<p class=\"has-medium-font-size\">\ud83d\udd14&nbsp;<strong>Final Tip:<\/strong>&nbsp;Every skin is unique. Always follow the personalized aftercare instructions given by your tattoo artist.<\/p>","protected":false},"excerpt":{"rendered":"<p>cuidados del tatuaje Cuidar tu tatuaje es prolongar su vida El tatuaje no termina cuando se apaga la m\u00e1quina. La tinta reci\u00e9n depositada es como una obra reci\u00e9n nacida: fr\u00e1gil, viva y en transformaci\u00f3n. Cuidarlo en sus primeros d\u00edas es tan importante como el propio dise\u00f1o, porque de esos cuidados depende que la pieza mantenga [&hellip;]<\/p>","protected":false},"author":1,"featured_media":0,"parent":0,"menu_order":0,"comment_status":"closed","ping_status":"closed","template":"","meta":{"_joinchat":[],"footnotes":""},"class_list":["post-1562","page","type-page","status-publish","hentry"],"blocksy_meta":[],"_links":{"self":[{"href":"https:\/\/osoriogomestattoo.com\/en\/wp-json\/wp\/v2\/pages\/1562","targetHints":{"allow":["GET"]}}],"collection":[{"href":"https:\/\/osoriogomestattoo.com\/en\/wp-json\/wp\/v2\/pages"}],"about":[{"href":"https:\/\/osoriogomestattoo.com\/en\/wp-json\/wp\/v2\/types\/page"}],"author":[{"embeddable":true,"href":"https:\/\/osoriogomestattoo.com\/en\/wp-json\/wp\/v2\/users\/1"}],"replies":[{"embeddable":true,"href":"https:\/\/osoriogomestattoo.com\/en\/wp-json\/wp\/v2\/comments?post=1562"}],"version-history":[{"count":11,"href":"https:\/\/osoriogomestattoo.com\/en\/wp-json\/wp\/v2\/pages\/1562\/revisions"}],"predecessor-version":[{"id":1615,"href":"https:\/\/osoriogomestattoo.com\/en\/wp-json\/wp\/v2\/pages\/1562\/revisions\/1615"}],"wp:attachment":[{"href":"https:\/\/osoriogomestattoo.com\/en\/wp-json\/wp\/v2\/media?parent=1562"}],"curies":[{"name":"wp","href":"https:\/\/api.w.org\/{rel}","templated":true}]}}