{"id":788,"date":"2025-08-11T14:23:06","date_gmt":"2025-08-11T14:23:06","guid":{"rendered":"https:\/\/osoriogomestattoo.com\/?page_id=788"},"modified":"2025-08-31T14:31:06","modified_gmt":"2025-08-31T14:31:06","slug":"nosotros","status":"publish","type":"page","link":"https:\/\/osoriogomestattoo.com\/en\/nosotros\/","title":{"rendered":"About"},"content":{"rendered":"<div class=\"wp-block-stackable-heading stk-block-heading stk-block-heading--v2 stk-block stk-01ecf22\" id=\"nosotros\" data-block-id=\"01ecf22\"><h1 class=\"stk-block-heading__text has-text-align-left\">About<\/h1><\/div>\n\n\n\n<div class=\"wp-block-stackable-columns alignfull stk-block-columns stk-block stk-2f5ccc9\" data-block-id=\"2f5ccc9\"><style>.stk-2f5ccc9 {margin-top:var(--stk--preset--spacing--70, 3.38rem) !important;margin-bottom:var(--stk--preset--spacing--70, 3.38rem) !important;}<\/style><div class=\"stk-row stk-inner-blocks stk-block-content stk-content-align stk-2f5ccc9-column\">\n<div class=\"wp-block-stackable-column stk-block-column stk-column stk-block stk-1a8a2b1\" data-v=\"4\" data-block-id=\"1a8a2b1\"><style>.stk-1a8a2b1-inner-blocks{justify-content:center !important;}<\/style><div class=\"stk-column-wrapper stk-block-column__content stk-container stk-1a8a2b1-container stk--no-background stk--no-padding\"><div class=\"stk--column-flex stk-block-content stk-inner-blocks stk-1a8a2b1-inner-blocks\">\n<div class=\"wp-block-stackable-image aligncenter stk-block-image stk-block stk-2353902\" data-block-id=\"2353902\"><style>.stk-2353902 .stk-img-wrapper{width:65% !important;}<\/style><figure><span class=\"stk-img-wrapper stk-image--shape-stretch\"><img loading=\"lazy\" decoding=\"async\" class=\"stk-img wp-image-1194\" src=\"https:\/\/osoriogomestattoo.com\/wp-content\/uploads\/2025\/08\/Logotipo-para-la-seccion-nosotros.webp\" width=\"1600\" height=\"2400\" alt=\"\" title=\"\" srcset=\"https:\/\/osoriogomestattoo.com\/wp-content\/uploads\/2025\/08\/Logotipo-para-la-seccion-nosotros.webp 1600w, https:\/\/osoriogomestattoo.com\/wp-content\/uploads\/2025\/08\/Logotipo-para-la-seccion-nosotros-200x300.webp 200w, https:\/\/osoriogomestattoo.com\/wp-content\/uploads\/2025\/08\/Logotipo-para-la-seccion-nosotros-683x1024.webp 683w, https:\/\/osoriogomestattoo.com\/wp-content\/uploads\/2025\/08\/Logotipo-para-la-seccion-nosotros-768x1152.webp 768w, https:\/\/osoriogomestattoo.com\/wp-content\/uploads\/2025\/08\/Logotipo-para-la-seccion-nosotros-1024x1536.webp 1024w, https:\/\/osoriogomestattoo.com\/wp-content\/uploads\/2025\/08\/Logotipo-para-la-seccion-nosotros-1365x2048.webp 1365w\" sizes=\"auto, (max-width: 1600px) 100vw, 1600px\" \/><\/span><\/figure><\/div>\n<\/div><\/div><\/div>\n\n\n\n<div class=\"wp-block-stackable-column stk-block-column stk-column stk-block stk-68c3be8\" data-v=\"4\" data-block-id=\"68c3be8\"><style>.stk-68c3be8 {align-self:center !important;}.stk-68c3be8-inner-blocks{justify-content:center !important;}<\/style><div class=\"stk-column-wrapper stk-block-column__content stk-container stk-68c3be8-container stk--no-background stk--no-padding\"><div class=\"stk--column-flex stk-block-content stk-inner-blocks stk-68c3be8-inner-blocks\">\n<div class=\"wp-block-stackable-heading stk-block-heading stk-block-heading--v2 stk-block stk-68fa4d6\" id=\"de-la-pintura-al-tatuaje-una-vision-con-raices-y-proposito\" data-block-id=\"68fa4d6\"><style>.stk-68fa4d6 {margin-top:var(--stk--preset--spacing--70, 3.38rem) !important;margin-bottom:var(--stk--preset--spacing--none, 0px) !important;}<\/style><h2 class=\"stk-block-heading__text\">From painting to tattooing: a vision with roots and purpose<\/h2><\/div>\n\n\n\n<div class=\"wp-block-stackable-text stk-block-text stk-block stk-720e231\" data-block-id=\"720e231\"><style>.stk-720e231 .stk-block-text__text{font-size:var(--stk--preset--font-size--medium, 20px) !important;}@media screen and (max-width:999px){.stk-720e231 .stk-block-text__text{font-size:var(--stk--preset--font-size--medium, 20px) !important;}}<\/style><p class=\"stk-block-text__text\"><strong>Osorio Tattoo<\/strong>\u00a0was born in Caracas, Venezuela, driven by the artistic curiosity of its founder,\u00a0<strong>Luis Daniel Osorio Gomes<\/strong>.<br>In his search for knowledge and mastery, Luis Daniel moved to Barcelona to study academic painting, where he also immersed himself in literature, further enriching his artistic vision.<br><br>From this evolution emerged\u00a0<strong>Osorio Gomes Tattoo<\/strong>, a renewed project with a broader vision: a different way of understanding tattooing, detached from passing trends and deeply rooted in tradition \u2014 not only of tattooing itself, but of our shared human history.<\/p><\/div>\n<\/div><\/div><\/div>\n<\/div><\/div>\n\n\n\n<div class=\"wp-block-stackable-columns alignfull stk-block-columns stk-block stk-03cef25\" data-block-id=\"03cef25\"><style>.stk-03cef25 {margin-top:var(--stk--preset--spacing--70, 3.38rem) !important;margin-bottom:var(--stk--preset--spacing--70, 3.38rem) !important;}<\/style><div class=\"stk-row stk-inner-blocks stk-block-content stk-content-align stk-03cef25-column\">\n<div class=\"wp-block-stackable-column stk-block-column stk-column stk-block stk-b31fdcb\" data-v=\"4\" data-block-id=\"b31fdcb\"><style>.stk-b31fdcb-inner-blocks{justify-content:center !important;}<\/style><div class=\"stk-column-wrapper stk-block-column__content stk-container stk-b31fdcb-container stk--no-background stk--no-padding\"><div class=\"stk--column-flex stk-block-content stk-inner-blocks stk-b31fdcb-inner-blocks\">\n<div class=\"wp-block-stackable-heading stk-block-heading stk-block-heading--v2 stk-block stk-c0169bf\" id=\"mision\" data-block-id=\"c0169bf\"><style>.stk-c0169bf {margin-top:var(--stk--preset--spacing--70, 3.38rem) !important;margin-bottom:var(--stk--preset--spacing--none, 0px) !important;}<\/style><h2 class=\"stk-block-heading__text\">Mission<\/h2><\/div>\n\n\n\n<div class=\"wp-block-stackable-text stk-block-text stk-block stk-dfc2c45\" id=\"mision\" data-block-id=\"dfc2c45\"><style>.stk-dfc2c45 .stk-block-text__text{font-size:var(--stk--preset--font-size--medium, 20px) !important;}@media screen and (max-width:999px){.stk-dfc2c45 .stk-block-text__text{font-size:var(--stk--preset--font-size--medium, 20px) !important;}}<\/style><p class=\"stk-block-text__text\">To create tattoos that function as artistic works loaded with symbolism, capable of transmitting deep meanings beyond words.<\/p><\/div>\n\n\n\n<div class=\"wp-block-stackable-heading stk-block-heading stk-block-heading--v2 stk-block stk-8382f2d\" id=\"nuestros-diferenciales\" data-block-id=\"8382f2d\"><h2 class=\"stk-block-heading__text\">Our differentials<\/h2><\/div>\n\n\n\n<ul class=\"wp-block-list has-medium-font-size\">\n<li>\ud83c\udfa8&nbsp;<strong>Artistic and symbolic approach<\/strong>: designs that speak a language of their own.<\/li>\n\n\n\n<li>\ud83d\udda4&nbsp;<strong>Specialization in realism in black ink and grayscale.<\/strong>.<\/li>\n\n\n\n<li>\ud83d\udd8b&nbsp;<strong>Work on human skin and synthetic skin<\/strong>, with high level finishes.<\/li>\n\n\n\n<li>\ud83e\udd1d&nbsp;<strong>Personalized attention throughout the process<\/strong>from the initial idea to the post-tattoo care.<\/li>\n\n\n\n<li>\u23f3&nbsp;<strong>Works that transcend time<\/strong>, created with technique, sensitivity and purpose.<\/li>\n<\/ul>\n<\/div><\/div><\/div>\n\n\n\n<div class=\"wp-block-stackable-column stk-block-column stk-column stk-block stk-b94a03b\" data-v=\"4\" data-block-id=\"b94a03b\"><style>.stk-b94a03b-inner-blocks{justify-content:center !important;}<\/style><div class=\"stk-column-wrapper stk-block-column__content stk-container stk-b94a03b-container stk--no-background stk--no-padding\"><div class=\"stk--column-flex stk-block-content stk-inner-blocks stk-b94a03b-inner-blocks\">\n<div class=\"wp-block-stackable-image stk-block-image stk-block stk-bd37592\" data-block-id=\"bd37592\"><style>.stk-bd37592 .stk-img-wrapper{width:65% !important;}<\/style><figure><span class=\"stk-img-wrapper stk-image--shape-stretch\"><img loading=\"lazy\" decoding=\"async\" class=\"stk-img wp-image-892\" src=\"https:\/\/osoriogomestattoo.com\/wp-content\/uploads\/2025\/08\/Imagen-para-la-biografia-Osorio-Gomes-Tattoo-formato-ligero.webp\" width=\"441\" height=\"662\" alt=\"\" title=\"\" srcset=\"https:\/\/osoriogomestattoo.com\/wp-content\/uploads\/2025\/08\/Imagen-para-la-biografia-Osorio-Gomes-Tattoo-formato-ligero.webp 441w, https:\/\/osoriogomestattoo.com\/wp-content\/uploads\/2025\/08\/Imagen-para-la-biografia-Osorio-Gomes-Tattoo-formato-ligero-200x300.webp 200w\" sizes=\"auto, (max-width: 441px) 100vw, 441px\" \/><\/span><\/figure><\/div>\n<\/div><\/div><\/div>\n<\/div><\/div>\n\n\n\n<blockquote class=\"wp-block-stackable-blockquote stk-block-blockquote stk-block stk-6388ee2 is-style-default\" data-v=\"2\" data-block-id=\"6388ee2\"><style>.stk-6388ee2-container{background-color:#00000000 !important;}.stk-6388ee2-container:before{background-color:#00000000 !important;}<\/style><div class=\"has-text-align-left stk-block-blockquote__content stk-container stk-6388ee2-container stk-hover-parent\"><div class=\"stk-block-content stk-inner-blocks\">\n<div class=\"wp-block-stackable-icon stk-block-icon stk-block stk-9122dba\" data-block-id=\"9122dba\"><style>.stk-9122dba .stk--svg-wrapper .stk--inner-svg svg:last-child, .stk-9122dba .stk--svg-wrapper .stk--inner-svg svg:last-child :is(g, path, rect, polygon, ellipse){fill:#cac6a2 !important;}<\/style><span class=\"stk--svg-wrapper\"><div class=\"stk--inner-svg\"><svg style=\"height:0;width:0\"><defs><lineargradient id=\"linear-gradient-9122dba\" x1=\"0\" x2=\"100%\" y1=\"0\" y2=\"0\"><stop offset=\"0%\" style=\"stop-opacity:1;stop-color:var(--linear-gradient-9122-dba-color-1)\"><\/stop><stop offset=\"100%\" style=\"stop-opacity:1;stop-color:var(--linear-gradient-9122-dba-color-2)\"><\/stop><\/lineargradient><\/defs><\/svg><svg xmlns=\"http:\/\/www.w3.org\/2000\/svg\" viewbox=\"0 0 50 50\" aria-hidden=\"true\" width=\"32\" height=\"32\"><path d=\"M19.8 9.3C10.5 11.8 4.6 17 2.1 24.8c2.3-3.6 5.6-5.4 9.9-5.4 3.3 0 6 1.1 8.3 3.3 2.2 2.2 3.4 5 3.4 8.3 0 3.2-1.1 5.8-3.3 8-2.2 2.2-5.1 3.2-8.7 3.2-3.7 0-6.5-1.2-8.6-3.5C1 36.3 0 33.1 0 29 0 18.3 6.5 11.2 19.6 7.9l.2 1.4zm26.4 0C36.9 11.9 31 17 28.5 24.8c2.2-3.6 5.5-5.4 9.8-5.4 3.2 0 6 1.1 8.3 3.2 2.3 2.2 3.4 4.9 3.4 8.3 0 3.1-1.1 5.8-3.3 7.9-2.2 2.2-5.1 3.3-8.6 3.3-3.7 0-6.6-1.1-8.6-3.4-2.1-2.3-3.1-5.5-3.1-9.7 0-10.7 6.6-17.8 19.7-21.1l.1 1.4z\"><\/path><\/svg><\/div><\/span><\/div>\n\n\n\n<div class=\"wp-block-stackable-text stk-block-text stk-block stk-1a7f14f stk-block-background\" data-block-id=\"1a7f14f\"><style>.stk-1a7f14f {background-color:#00000000 !important;}.stk-1a7f14f:before{background-color:#00000000 !important;}.stk-1a7f14f .stk-block-text__text{font-size:40px !important;color:#768a79 !important;}@media screen and (max-width:999px){.stk-1a7f14f .stk-block-text__text{font-size:40px !important;}}<\/style><p class=\"stk-block-text__text has-text-color\"><em>Each tattoo I make seeks to be a work of art that speaks without words and lasts as long as its meaning.<\/em><\/p><\/div>\n<\/div><\/div><\/blockquote>","protected":false},"excerpt":{"rendered":"<p>Nosotros De la pintura al tatuaje: una visi\u00f3n con ra\u00edces y prop\u00f3sito Osorio Tattoo\u00a0nace en Caracas, Venezuela, impulsado por la inquietud art\u00edstica de su fundador,\u00a0Luis Daniel Osorio Gomes.En su b\u00fasqueda de conocimiento y perfeccionamiento, Luis Daniel emigra a Barcelona para estudiar pintura acad\u00e9mica, donde tambi\u00e9n se sumerge en el mundo literario, enriqueciendo su visi\u00f3n art\u00edstica. [&hellip;]<\/p>","protected":false},"author":1,"featured_media":0,"parent":0,"menu_order":0,"comment_status":"closed","ping_status":"closed","template":"","meta":{"_joinchat":[],"footnotes":""},"class_list":["post-788","page","type-page","status-publish","hentry"],"blocksy_meta":{"vertical_spacing_source":"custom","content_area_spacing":"none","styles_descriptor":{"styles":{"desktop":"","tablet":"","mobile":""},"google_fonts":[],"version":6}},"_links":{"self":[{"href":"https:\/\/osoriogomestattoo.com\/en\/wp-json\/wp\/v2\/pages\/788","targetHints":{"allow":["GET"]}}],"collection":[{"href":"https:\/\/osoriogomestattoo.com\/en\/wp-json\/wp\/v2\/pages"}],"about":[{"href":"https:\/\/osoriogomestattoo.com\/en\/wp-json\/wp\/v2\/types\/page"}],"author":[{"embeddable":true,"href":"https:\/\/osoriogomestattoo.com\/en\/wp-json\/wp\/v2\/users\/1"}],"replies":[{"embeddable":true,"href":"https:\/\/osoriogomestattoo.com\/en\/wp-json\/wp\/v2\/comments?post=788"}],"version-history":[{"count":43,"href":"https:\/\/osoriogomestattoo.com\/en\/wp-json\/wp\/v2\/pages\/788\/revisions"}],"predecessor-version":[{"id":1662,"href":"https:\/\/osoriogomestattoo.com\/en\/wp-json\/wp\/v2\/pages\/788\/revisions\/1662"}],"wp:attachment":[{"href":"https:\/\/osoriogomestattoo.com\/en\/wp-json\/wp\/v2\/media?parent=788"}],"curies":[{"name":"wp","href":"https:\/\/api.w.org\/{rel}","templated":true}]}}