{"id":791,"date":"2025-08-11T14:23:06","date_gmt":"2025-08-11T14:23:06","guid":{"rendered":"https:\/\/osoriogomestattoo.com\/?page_id=791"},"modified":"2025-08-30T20:17:53","modified_gmt":"2025-08-30T20:17:53","slug":"laminas","status":"publish","type":"page","link":"https:\/\/osoriogomestattoo.com\/en\/laminas\/","title":{"rendered":"Tattoo Panels"},"content":{"rendered":"<div class=\"wp-block-stackable-heading stk-block-heading stk-block-heading--v2 stk-block stk-2eb2714\" id=\"laminas\" data-block-id=\"2eb2714\"><style>.stk-2eb2714 .stk-block-heading__text{color:#be5408 !important;}<\/style><h1 class=\"stk-block-heading__text has-text-color\"> Tattoo Panels<\/h1><\/div>\n\n\n\n<div class=\"wp-block-stackable-columns stk-block-columns stk-block stk-274ba1c\" data-block-id=\"274ba1c\"><div class=\"stk-row stk-inner-blocks stk-block-content stk-content-align stk-274ba1c-column\">\n<div class=\"wp-block-stackable-column stk-block-column stk-column stk-block stk-3d3a561\" data-v=\"4\" data-block-id=\"3d3a561\"><div class=\"stk-column-wrapper stk-block-column__content stk-container stk-3d3a561-container stk--no-background stk--no-padding\"><div class=\"stk-block-content stk-inner-blocks stk-3d3a561-inner-blocks\">\n<div class=\"wp-block-stackable-heading stk-block-heading stk-block-heading--v2 stk-block stk-095929c\" id=\"el-arte-tatuado-convertido-en-obra-para-contemplar\" data-block-id=\"095929c\"><style>.stk-095929c .stk-block-heading__text{font-size:var(--stk--preset--font-size--x-large, 50px) !important;color:#742501 !important;}@media screen and (max-width:999px){.stk-095929c .stk-block-heading__text{font-size:var(--stk--preset--font-size--x-large, 50px) !important;}}<\/style><h2 class=\"stk-block-heading__text has-text-color\">Tattoo art transformed into works to be contemplated<\/h2><\/div>\n\n\n\n<div class=\"wp-block-stackable-text stk-block-text stk-block stk-65c4bb4\" data-block-id=\"65c4bb4\"><style>.stk-65c4bb4 .stk-block-text__text{font-size:var(--stk--preset--font-size--medium, 20px) !important;}@media screen and (max-width:999px){.stk-65c4bb4 .stk-block-text__text{font-size:var(--stk--preset--font-size--medium, 20px) !important;}}<\/style><p class=\"stk-block-text__text\">Each panel reflects the same realistic technique applied to human skin, but transferred to a unique artistic medium. These pieces are created with dedication on synthetic skin, worked as if it were a canvas, and conceived for those who wish to take tattooing beyond the body: to collect, exhibit, or gift it.<br><br>These works capture the intensity of realistic tattooing and turn it into timeless art, ready to be framed and appreciated in any space.<\/p><\/div>\n<\/div><\/div><\/div>\n\n\n\n<div class=\"wp-block-stackable-column stk-block-column stk-column stk-block stk-2d4c5a8\" data-v=\"4\" data-block-id=\"2d4c5a8\"><style>.stk-2d4c5a8-inner-blocks{justify-content:center !important;}<\/style><div class=\"stk-column-wrapper stk-block-column__content stk-container stk-2d4c5a8-container stk--no-background stk--no-padding\"><div class=\"stk--column-flex stk-block-content stk-inner-blocks stk-2d4c5a8-inner-blocks\">\n<div class=\"wp-block-stackable-image stk-block-image stk-block stk-5a86eb8\" data-block-id=\"5a86eb8\"><style>.stk-5a86eb8 .stk-img-wrapper{width:50% !important;}<\/style><figure><span class=\"stk-img-wrapper stk-image--shape-stretch\"><img loading=\"lazy\" decoding=\"async\" class=\"stk-img wp-image-1623\" src=\"https:\/\/osoriogomestattoo.com\/wp-content\/uploads\/2025\/08\/ChatGPT-Image-21-ago-2025-20_55_00-1.webp\" width=\"1600\" height=\"2400\" alt=\"\" title=\"\" srcset=\"https:\/\/osoriogomestattoo.com\/wp-content\/uploads\/2025\/08\/ChatGPT-Image-21-ago-2025-20_55_00-1.webp 1600w, https:\/\/osoriogomestattoo.com\/wp-content\/uploads\/2025\/08\/ChatGPT-Image-21-ago-2025-20_55_00-1-200x300.webp 200w, https:\/\/osoriogomestattoo.com\/wp-content\/uploads\/2025\/08\/ChatGPT-Image-21-ago-2025-20_55_00-1-683x1024.webp 683w, https:\/\/osoriogomestattoo.com\/wp-content\/uploads\/2025\/08\/ChatGPT-Image-21-ago-2025-20_55_00-1-768x1152.webp 768w, https:\/\/osoriogomestattoo.com\/wp-content\/uploads\/2025\/08\/ChatGPT-Image-21-ago-2025-20_55_00-1-1024x1536.webp 1024w, https:\/\/osoriogomestattoo.com\/wp-content\/uploads\/2025\/08\/ChatGPT-Image-21-ago-2025-20_55_00-1-1365x2048.webp 1365w, https:\/\/osoriogomestattoo.com\/wp-content\/uploads\/2025\/08\/ChatGPT-Image-21-ago-2025-20_55_00-1-8x12.webp 8w\" sizes=\"auto, (max-width: 1600px) 100vw, 1600px\" \/><\/span><\/figure><\/div>\n<\/div><\/div><\/div>\n<\/div><\/div>\n\n\n\n<div class=\"wp-block-stackable-separator alignfull stk-block-separator stk--no-padding stk-block stk-64827e8\" data-block-id=\"64827e8\"><style>.stk-64827e8 svg{fill:#616161 !important;}<\/style><div class=\"stk-block-separator__inner\"><svg xmlns=\"http:\/\/www.w3.org\/2000\/svg\" viewbox=\"0 0 1600 200\" class=\"stk-separator__layer-1\" preserveaspectratio=\"none\" aria-hidden=\"true\"><path class=\"wave-1_svg__st2\" d=\"M1341.4 48.9c-182.4 0-254.2 80.4-429.4 80.4-117.8 0-209.7-67.5-393.5-67.5-142.2 0-212.6 38.8-324.6 38.8S-10 64.7-10 64.7V210h1620V102c-110.6-40.2-181-53.1-268.6-53.1z\"><\/path><\/svg><\/div><\/div>\n\n\n\n<div class=\"wp-block-stackable-heading stk-block-heading stk-block-heading--v2 stk-block stk-1ac66a2\" id=\"en-septiembre-nuevas-laminas\" data-block-id=\"1ac66a2\"><style>.stk-1ac66a2 .stk-block-heading__text{color:#742501 !important;}<\/style><h2 class=\"stk-block-heading__text has-text-color has-text-align-center\"> en septiembre nuevas l\u00e1minas<\/h2><\/div>\n\n\n\n<div class=\"wp-block-stackable-divider stk-block-divider stk-block stk-5c9ef4a is-style-asterisks\" data-block-id=\"5c9ef4a\"><style>.stk-5c9ef4a .stk-block-divider__dot:before{font-size:calc(24px * 1.8) !important;}.stk-5c9ef4a .stk-block-divider__dot{width:24px !important;height:24px !important;}.stk-5c9ef4a .stk-block-divider__dots{width:46% !important;}<\/style><div class=\"stk-block-divider__dots\" aria-hidden=\"true\"><div class=\"stk-block-divider__dot\"><\/div><div class=\"stk-block-divider__dot\"><\/div><div class=\"stk-block-divider__dot\"><\/div><\/div><\/div>","protected":false},"excerpt":{"rendered":"<p>l\u00e1minas El arte tatuado convertido en obra para contemplar Cada l\u00e1mina es el reflejo de la misma t\u00e9cnica realista que aplicamos sobre la piel, trasladada a un soporte art\u00edstico \u00fanico. Son piezas creadas con dedicaci\u00f3n, en piel sint\u00e9tica trabajada como si fuera un lienzo, y pensadas para quienes desean llevar el tatuaje m\u00e1s all\u00e1 del [&hellip;]<\/p>","protected":false},"author":1,"featured_media":0,"parent":0,"menu_order":0,"comment_status":"closed","ping_status":"closed","template":"","meta":{"_joinchat":[],"footnotes":""},"class_list":["post-791","page","type-page","status-publish","hentry"],"blocksy_meta":[],"_links":{"self":[{"href":"https:\/\/osoriogomestattoo.com\/en\/wp-json\/wp\/v2\/pages\/791","targetHints":{"allow":["GET"]}}],"collection":[{"href":"https:\/\/osoriogomestattoo.com\/en\/wp-json\/wp\/v2\/pages"}],"about":[{"href":"https:\/\/osoriogomestattoo.com\/en\/wp-json\/wp\/v2\/types\/page"}],"author":[{"embeddable":true,"href":"https:\/\/osoriogomestattoo.com\/en\/wp-json\/wp\/v2\/users\/1"}],"replies":[{"embeddable":true,"href":"https:\/\/osoriogomestattoo.com\/en\/wp-json\/wp\/v2\/comments?post=791"}],"version-history":[{"count":7,"href":"https:\/\/osoriogomestattoo.com\/en\/wp-json\/wp\/v2\/pages\/791\/revisions"}],"predecessor-version":[{"id":1655,"href":"https:\/\/osoriogomestattoo.com\/en\/wp-json\/wp\/v2\/pages\/791\/revisions\/1655"}],"wp:attachment":[{"href":"https:\/\/osoriogomestattoo.com\/en\/wp-json\/wp\/v2\/media?parent=791"}],"curies":[{"name":"wp","href":"https:\/\/api.w.org\/{rel}","templated":true}]}}