{"id":792,"date":"2025-08-11T14:23:06","date_gmt":"2025-08-11T14:23:06","guid":{"rendered":"https:\/\/osoriogomestattoo.com\/?page_id=792"},"modified":"2025-08-22T18:46:45","modified_gmt":"2025-08-22T18:46:45","slug":"contacto","status":"publish","type":"page","link":"https:\/\/osoriogomestattoo.com\/en\/contacto\/","title":{"rendered":"Contact"},"content":{"rendered":"<div class=\"wp-block-stackable-heading stk-block-heading stk-block-heading--v2 stk-block stk-87c3fb2\" id=\"contacto\" data-block-id=\"87c3fb2\"><h1 class=\"stk-block-heading__text\">Contact<\/h1><\/div>\n\n\n\n<div class=\"wp-block-stackable-columns stk-block-columns stk-block stk-82ed6b5\" data-block-id=\"82ed6b5\"><style>.stk-82ed6b5 .stk--block-align-82ed6b5{align-items:center !important;}<\/style><div class=\"stk-row stk-inner-blocks stk--block-align-82ed6b5 stk-block-content stk-content-align stk-82ed6b5-column\">\n<div class=\"wp-block-stackable-column stk-block-column stk-column stk-block stk-fc1b7a4\" data-v=\"4\" data-block-id=\"fc1b7a4\"><div class=\"stk-column-wrapper stk-block-column__content stk-container stk-fc1b7a4-container stk--no-background stk--no-padding\"><div class=\"stk-block-content stk-inner-blocks stk-fc1b7a4-inner-blocks\">\n<div class=\"wp-block-stackable-heading stk-block-heading stk-block-heading--v2 stk-block stk-18d2cd8\" id=\"strong-hablemos-de-tu-proxima-pieza-strong\" data-block-id=\"18d2cd8\"><h2 class=\"stk-block-heading__text\"><strong>Let\u2019s Talk About Your Next Piece<\/strong><\/h2><\/div>\n\n\n\n<div class=\"wp-block-stackable-text stk-block-text stk-block stk-54cde9b\" id=\"strong-hablemos-de-tu-proxima-pieza-strong\" data-block-id=\"54cde9b\"><style>.stk-54cde9b .stk-block-text__text{font-size:var(--stk--preset--font-size--medium, 20px) !important;}@media screen and (max-width:999px){.stk-54cde9b .stk-block-text__text{font-size:var(--stk--preset--font-size--medium, 20px) !important;}}<\/style><p class=\"stk-block-text__text\">My work focuses on&nbsp;<strong>original designs<\/strong>&nbsp;\u2014 created to be tattooed on&nbsp;<strong>human skin,<\/strong>&nbsp;as well as&nbsp;<strong>synthetic skin<\/strong>&nbsp;for collectors.<br>The&nbsp;<strong>priority path<\/strong>&nbsp;is to choose&nbsp;<strong>one of the designs published on my website<\/strong>: they are conceived to flow with the body\u2019s anatomy, maintain strong contrast, and&nbsp;<strong>age gracefully<\/strong>. If you like one, simply tell me&nbsp;<strong>the name\/code of the design, the size, and placement<\/strong>; I\u2019ll reply with available dates and a quote.<br><br>Do you have your own idea? I can also work on it&nbsp;<strong>, always interpreted through my style<\/strong>. We\u2019ll start from your concept and references, refine the composition and readability, and prepare a proposal consistent with my artistic language.&nbsp;<strong>I do not create literal copies<\/strong> of other tattoos.<br><br><\/p><\/div>\n<\/div><\/div><\/div>\n\n\n\n<div class=\"wp-block-stackable-column stk-block-column stk-column stk-block stk-4791048\" data-v=\"4\" data-block-id=\"4791048\"><div class=\"stk-column-wrapper stk-block-column__content stk-container stk-4791048-container stk--no-background stk--no-padding\"><div class=\"stk-block-content stk-inner-blocks stk-4791048-inner-blocks\">\n<div class=\"wp-block-stackable-image stk-block-image stk-block stk-5a5c054\" data-block-id=\"5a5c054\"><style>.stk-5a5c054 .stk-img-wrapper{width:50% !important;}<\/style><figure><span class=\"stk-img-wrapper stk-image--shape-stretch\"><img loading=\"lazy\" decoding=\"async\" class=\"stk-img wp-image-1269\" src=\"https:\/\/osoriogomestattoo.com\/wp-content\/uploads\/2025\/08\/ChatGPT-Image-15-ago-2025-01_06_51.webp\" width=\"1600\" height=\"2400\" alt=\"\" title=\"\" srcset=\"https:\/\/osoriogomestattoo.com\/wp-content\/uploads\/2025\/08\/ChatGPT-Image-15-ago-2025-01_06_51.webp 1600w, https:\/\/osoriogomestattoo.com\/wp-content\/uploads\/2025\/08\/ChatGPT-Image-15-ago-2025-01_06_51-200x300.webp 200w, https:\/\/osoriogomestattoo.com\/wp-content\/uploads\/2025\/08\/ChatGPT-Image-15-ago-2025-01_06_51-683x1024.webp 683w, https:\/\/osoriogomestattoo.com\/wp-content\/uploads\/2025\/08\/ChatGPT-Image-15-ago-2025-01_06_51-768x1152.webp 768w, https:\/\/osoriogomestattoo.com\/wp-content\/uploads\/2025\/08\/ChatGPT-Image-15-ago-2025-01_06_51-1024x1536.webp 1024w, https:\/\/osoriogomestattoo.com\/wp-content\/uploads\/2025\/08\/ChatGPT-Image-15-ago-2025-01_06_51-1365x2048.webp 1365w\" sizes=\"auto, (max-width: 1600px) 100vw, 1600px\" \/><\/span><\/figure><\/div>\n<\/div><\/div><\/div>\n<\/div><\/div>\n\n\n\n<div class=\"wp-block-stackable-text stk-block-text stk-block stk-fe9637f\" id=\"strong-hablemos-de-tu-proxima-pieza-strong\" data-block-id=\"fe9637f\"><style>.stk-fe9637f .stk-block-text__text{font-size:var(--stk--preset--font-size--medium, 20px) !important;}@media screen and (max-width:999px){.stk-fe9637f .stk-block-text__text{font-size:var(--stk--preset--font-size--medium, 20px) !important;}}<\/style><p class=\"stk-block-text__text\">Contact me via the form or WhatsApp and include:<\/p><\/div>\n\n\n\n<ol class=\"wp-block-list has-medium-font-size\">\n<li><strong>The design from the catalog<\/strong>&nbsp;you\u2019d like (or the link),<\/li>\n\n\n\n<li><strong>Approximate size<\/strong>&nbsp;and&nbsp;<strong>body area<\/strong>,<\/li>\n\n\n\n<li><strong>Dates<\/strong>&nbsp;that work for you.<\/li>\n<\/ol>\n\n\n\n<div class=\"wp-block-stackable-text stk-block-text stk-block stk-bd6a35b\" data-block-id=\"bd6a35b\"><style>.stk-bd6a35b .stk-block-text__text{font-size:var(--stk--preset--font-size--medium, 20px) !important;}@media screen and (max-width:999px){.stk-bd6a35b .stk-block-text__text{font-size:var(--stk--preset--font-size--medium, 20px) !important;}}<\/style><p class=\"stk-block-text__text\">Your best experience will come from choosing an&nbsp;<strong>original design<\/strong>&nbsp;from the catalog; if you prefer to co-create, we\u2019ll do so with the same care and artistry.<\/p><\/div>\n\n\n<style id=\"wpforms-css-vars-1093-block-8fb030e8-5ec5-4735-9f3f-50cc7ef96dba\">\n\t\t\t\t#wpforms-1093.wpforms-block-8fb030e8-5ec5-4735-9f3f-50cc7ef96dba {\n\t\t\t\t--wpforms-field-size-input-height: 43px;\n--wpforms-field-size-input-spacing: 15px;\n--wpforms-field-size-font-size: 16px;\n--wpforms-field-size-line-height: 19px;\n--wpforms-field-size-padding-h: 14px;\n--wpforms-field-size-checkbox-size: 16px;\n--wpforms-field-size-sublabel-spacing: 5px;\n--wpforms-field-size-icon-size: 1;\n--wpforms-label-size-font-size: 16px;\n--wpforms-label-size-line-height: 19px;\n--wpforms-label-size-sublabel-font-size: 14px;\n--wpforms-label-size-sublabel-line-height: 17px;\n--wpforms-button-size-font-size: 17px;\n--wpforms-button-size-height: 41px;\n--wpforms-button-size-padding-h: 15px;\n--wpforms-button-size-margin-top: 10px;\n\n\t\t\t}\n\t\t\t<\/style><div class=\"wpforms-container wpforms-container-full wpforms-block wpforms-block-8fb030e8-5ec5-4735-9f3f-50cc7ef96dba ogt-form-contacto wpforms-render-modern\" id=\"wpforms-1093\"><form id=\"wpforms-form-1093\" class=\"wpforms-validate wpforms-form wpforms-ajax-form\" data-formid=\"1093\" method=\"post\" enctype=\"multipart\/form-data\" action=\"\/en\/wp-json\/wp\/v2\/pages\/792\" data-token=\"7907c4632ee7c6654e3589cee02261d5\" data-token-time=\"1776614081\" data-trp-original-action=\"\/en\/wp-json\/wp\/v2\/pages\/792\"><noscript class=\"wpforms-error-noscript\">Please enable JavaScript in your browser to complete this form.<\/noscript><div id=\"wpforms-error-noscript\" style=\"display: none;\">Please enable JavaScript in your browser to complete this form.<\/div><div class=\"wpforms-field-container\"><div id=\"wpforms-1093-field_1-container\" class=\"wpforms-field wpforms-field-name\" data-field-id=\"1\"><fieldset><legend class=\"wpforms-field-label\">Name <span class=\"wpforms-required-label\" aria-hidden=\"true\">*<\/span><\/legend><div class=\"wpforms-field-row wpforms-field-medium\"><div class=\"wpforms-field-row-block wpforms-first wpforms-one-half\"><input type=\"text\" id=\"wpforms-1093-field_1\" class=\"wpforms-field-name-first wpforms-field-required\" name=\"wpforms[fields][1][first]\" aria-errormessage=\"wpforms-1093-field_1-error\" required><label for=\"wpforms-1093-field_1\" class=\"wpforms-field-sublabel after\">First<\/label><\/div><div class=\"wpforms-field-row-block wpforms-one-half\"><input type=\"text\" id=\"wpforms-1093-field_1-last\" class=\"wpforms-field-name-last wpforms-field-required\" name=\"wpforms[fields][1][last]\" aria-errormessage=\"wpforms-1093-field_1-last-error\" required><label for=\"wpforms-1093-field_1-last\" class=\"wpforms-field-sublabel after\">Last<\/label><\/div><\/div><\/fieldset><\/div>\t\t<div id=\"wpforms-1093-field_6-container\"\n\t\t\tclass=\"wpforms-field wpforms-field-text\"\n\t\t\tdata-field-type=\"text\"\n\t\t\tdata-field-id=\"6\"\n\t\t\t>\n\t\t\t<label class=\"wpforms-field-label\" for=\"wpforms-1093-field_6\" >verificaci\u00f3n Comentario mensaje<\/label>\n\t\t\t<input type=\"text\" id=\"wpforms-1093-field_6\" class=\"wpforms-field-medium\" name=\"wpforms[fields][6]\" >\n\t\t<\/div>\n\t\t<div id=\"wpforms-1093-field_2-container\" class=\"wpforms-field wpforms-field-email\" data-field-id=\"2\"><label class=\"wpforms-field-label\" for=\"wpforms-1093-field_2\">Email <span class=\"wpforms-required-label\" aria-hidden=\"true\">*<\/span><\/label><input type=\"email\" id=\"wpforms-1093-field_2\" class=\"wpforms-field-medium wpforms-field-required\" name=\"wpforms[fields][2]\" spellcheck=\"false\" aria-errormessage=\"wpforms-1093-field_2-error\" required><\/div><div id=\"wpforms-1093-field_4-container\" class=\"wpforms-field wpforms-field-text\" data-field-id=\"4\"><label class=\"wpforms-field-label\" for=\"wpforms-1093-field_4\">Phone<\/label><input type=\"text\" id=\"wpforms-1093-field_4\" class=\"wpforms-field-medium\" name=\"wpforms[fields][4]\" aria-errormessage=\"wpforms-1093-field_4-error\" ><\/div><div id=\"wpforms-1093-field_3-container\" class=\"wpforms-field wpforms-field-textarea\" data-field-id=\"3\"><label class=\"wpforms-field-label\" for=\"wpforms-1093-field_3\">Comment or Message<\/label><textarea id=\"wpforms-1093-field_3\" class=\"wpforms-field-medium\" name=\"wpforms[fields][3]\" aria-errormessage=\"wpforms-1093-field_3-error\" ><\/textarea><\/div><div id=\"wpforms-1093-field_5-container\" class=\"wpforms-field wpforms-field-checkbox\" data-field-id=\"5\"><fieldset><legend class=\"wpforms-field-label\">Checkbox <span class=\"wpforms-required-label\" aria-hidden=\"true\">*<\/span><\/legend><ul id=\"wpforms-1093-field_5\" class=\"wpforms-field-required\"><li class=\"choice-1 depth-1\"><input type=\"checkbox\" id=\"wpforms-1093-field_5_1\" name=\"wpforms[fields][5][]\" value=\"Acepto recibir comunicaciones por email de Osorio Gomes Tattoo.  He le\u00eddo y acepto la &lt;a href=&quot;https:\/\/osoriogomestattoo.com\/1458-2\/&quot; target=&quot;_blank&quot;&gt;Pol\u00edtica de privacidad&lt;\/a&gt;. Puedo darme de baja en cualquier momento.\" aria-errormessage=\"wpforms-1093-field_5_1-error\" required><label class=\"wpforms-field-label-inline\" for=\"wpforms-1093-field_5_1\">I agree to receive email communications from Osorio Gomes Tattoo. I have read and accepted the <a href=\"https:\/\/osoriogomestattoo.com\/en\/1458-2\/\" target=\"_blank\">Privacy Policy<\/a>. I may unsubscribe at any time.<\/label><\/li><\/ul><\/fieldset><\/div><script>\n\t\t\t\t( function() {\n\t\t\t\t\tconst style = document.createElement( 'style' );\n\t\t\t\t\tstyle.appendChild( document.createTextNode( '#wpforms-1093-field_6-container { position: absolute !important; overflow: hidden !important; display: inline !important; height: 1px !important; width: 1px !important; z-index: -1000 !important; padding: 0 !important; } #wpforms-1093-field_6-container input { visibility: hidden; } #wpforms-conversational-form-page #wpforms-1093-field_6-container label { counter-increment: none; }' ) );\n\t\t\t\t\tdocument.head.appendChild( style );\n\t\t\t\t\tdocument.currentScript?.remove();\n\t\t\t\t} )();\n\t\t\t<\/script><\/div><!-- .wpforms-field-container --><div class=\"wpforms-submit-container\" ><input type=\"hidden\" name=\"wpforms[id]\" value=\"1093\"><input type=\"hidden\" name=\"page_title\" value=\"\"><input type=\"hidden\" name=\"page_url\" value=\"https:\/\/osoriogomestattoo.com\/en\/wp-json\/wp\/v2\/pages\/792\"><input type=\"hidden\" name=\"url_referer\" value=\"\"><button type=\"submit\" name=\"wpforms[submit]\" id=\"wpforms-submit-1093\" class=\"wpforms-submit ogt-btn-contacto\" data-alt-text=\"Enviando...\" data-submit-text=\"Enviar\" aria-live=\"assertive\" value=\"wpforms-submit\">Send<\/button><img loading=\"lazy\" decoding=\"async\" src=\"https:\/\/osoriogomestattoo.com\/wp-content\/plugins\/wpforms-lite\/assets\/images\/submit-spin.svg\" class=\"wpforms-submit-spinner\" style=\"display: none;\" width=\"26\" height=\"26\" alt=\"Loading\" title=\"\"><\/div><input type=\"hidden\" name=\"trp-form-language\" value=\"en\"\/><\/form><\/div>  <!-- .wpforms-container -->","protected":false},"excerpt":{"rendered":"<p>Contacto Hablemos de tu pr\u00f3xima pieza Mi trabajo se centra en&nbsp;dise\u00f1os propios&nbsp;\u2014creados para tatuarse en&nbsp;piel humana&nbsp;y tambi\u00e9n en&nbsp;piel sint\u00e9tica&nbsp;para coleccionistas.La&nbsp;v\u00eda prioritaria&nbsp;es que elijas&nbsp;uno de los dise\u00f1os publicados en mi web: est\u00e1n pensados para fluir con la anatom\u00eda, tener buen contraste y&nbsp;envejecer bien. Si te gusta uno, ind\u00edcame&nbsp;nombre\/c\u00f3digo del dise\u00f1o, tama\u00f1o y ubicaci\u00f3n; te respondo con [&hellip;]<\/p>","protected":false},"author":1,"featured_media":0,"parent":0,"menu_order":0,"comment_status":"closed","ping_status":"closed","template":"","meta":{"_joinchat":[],"footnotes":""},"class_list":["post-792","page","type-page","status-publish","hentry"],"blocksy_meta":{"vertical_spacing_source":"custom","content_area_spacing":"none","styles_descriptor":{"styles":{"desktop":"","tablet":"","mobile":""},"google_fonts":[],"version":6}},"_links":{"self":[{"href":"https:\/\/osoriogomestattoo.com\/en\/wp-json\/wp\/v2\/pages\/792","targetHints":{"allow":["GET"]}}],"collection":[{"href":"https:\/\/osoriogomestattoo.com\/en\/wp-json\/wp\/v2\/pages"}],"about":[{"href":"https:\/\/osoriogomestattoo.com\/en\/wp-json\/wp\/v2\/types\/page"}],"author":[{"embeddable":true,"href":"https:\/\/osoriogomestattoo.com\/en\/wp-json\/wp\/v2\/users\/1"}],"replies":[{"embeddable":true,"href":"https:\/\/osoriogomestattoo.com\/en\/wp-json\/wp\/v2\/comments?post=792"}],"version-history":[{"count":12,"href":"https:\/\/osoriogomestattoo.com\/en\/wp-json\/wp\/v2\/pages\/792\/revisions"}],"predecessor-version":[{"id":1604,"href":"https:\/\/osoriogomestattoo.com\/en\/wp-json\/wp\/v2\/pages\/792\/revisions\/1604"}],"wp:attachment":[{"href":"https:\/\/osoriogomestattoo.com\/en\/wp-json\/wp\/v2\/media?parent=792"}],"curies":[{"name":"wp","href":"https:\/\/api.w.org\/{rel}","templated":true}]}}