{"id":973,"date":"2025-08-13T14:38:19","date_gmt":"2025-08-13T14:38:19","guid":{"rendered":"https:\/\/osoriogomestattoo.com\/?page_id=973"},"modified":"2025-08-22T18:44:36","modified_gmt":"2025-08-22T18:44:36","slug":"beneficios","status":"publish","type":"page","link":"https:\/\/osoriogomestattoo.com\/en\/beneficios\/","title":{"rendered":"Benefits"},"content":{"rendered":"<div class=\"wp-block-stackable-heading stk-block-heading stk-block-heading--v2 stk-block stk-391866f\" id=\"beneficios\" data-block-id=\"391866f\"><h1 class=\"stk-block-heading__text\">Benefits<\/h1><\/div>\n\n\n\n<div class=\"wp-block-stackable-columns stk-block-columns stk-block stk-ecdbaf3\" data-block-id=\"ecdbaf3\"><div class=\"stk-row stk-inner-blocks stk-block-content stk-content-align stk-ecdbaf3-column\">\n<div class=\"wp-block-stackable-column stk-block-column stk-column stk-block stk-f862710\" data-v=\"4\" data-block-id=\"f862710\"><style>.stk-f862710-inner-blocks{justify-content:center !important;}<\/style><div class=\"stk-column-wrapper stk-block-column__content stk-container stk-f862710-container stk--no-background stk--no-padding\"><div class=\"stk--column-flex stk-block-content stk-inner-blocks stk-f862710-inner-blocks\">\n<div class=\"wp-block-stackable-image stk-block-image stk-block stk-2f389e4\" data-block-id=\"2f389e4\"><style>.stk-2f389e4 .stk-img-wrapper{width:50% !important;}<\/style><figure><span class=\"stk-img-wrapper stk-image--shape-stretch\"><img loading=\"lazy\" decoding=\"async\" class=\"stk-img wp-image-1626\" src=\"https:\/\/osoriogomestattoo.com\/wp-content\/uploads\/2025\/08\/ChatGPT-Image-17-ago-2025-15_52_57.webp\" width=\"1600\" height=\"2400\" alt=\"\" title=\"\" srcset=\"https:\/\/osoriogomestattoo.com\/wp-content\/uploads\/2025\/08\/ChatGPT-Image-17-ago-2025-15_52_57.webp 1600w, https:\/\/osoriogomestattoo.com\/wp-content\/uploads\/2025\/08\/ChatGPT-Image-17-ago-2025-15_52_57-200x300.webp 200w, https:\/\/osoriogomestattoo.com\/wp-content\/uploads\/2025\/08\/ChatGPT-Image-17-ago-2025-15_52_57-683x1024.webp 683w, https:\/\/osoriogomestattoo.com\/wp-content\/uploads\/2025\/08\/ChatGPT-Image-17-ago-2025-15_52_57-768x1152.webp 768w, https:\/\/osoriogomestattoo.com\/wp-content\/uploads\/2025\/08\/ChatGPT-Image-17-ago-2025-15_52_57-1024x1536.webp 1024w, https:\/\/osoriogomestattoo.com\/wp-content\/uploads\/2025\/08\/ChatGPT-Image-17-ago-2025-15_52_57-1365x2048.webp 1365w, https:\/\/osoriogomestattoo.com\/wp-content\/uploads\/2025\/08\/ChatGPT-Image-17-ago-2025-15_52_57-8x12.webp 8w\" sizes=\"auto, (max-width: 1600px) 100vw, 1600px\" \/><\/span><\/figure><\/div>\n<\/div><\/div><\/div>\n\n\n\n<div class=\"wp-block-stackable-column stk-block-column stk-column stk-block stk-3813814\" data-v=\"4\" data-block-id=\"3813814\"><style>.stk-3813814-inner-blocks{justify-content:center !important;}<\/style><div class=\"stk-column-wrapper stk-block-column__content stk-container stk-3813814-container stk--no-background stk--no-padding\"><div class=\"stk--column-flex stk-block-content stk-inner-blocks stk-3813814-inner-blocks\">\n<div class=\"wp-block-stackable-heading stk-block-heading stk-block-heading--v2 stk-block stk-222a4bf\" id=\"beneficios-que-dejan-huella\" data-block-id=\"222a4bf\"><h2 class=\"stk-block-heading__text\">Benefits That Leave a Mark<\/h2><\/div>\n\n\n\n<div class=\"wp-block-stackable-text stk-block-text stk-block stk-bb77889\" id=\"beneficios-que-dejan-huella\" data-block-id=\"bb77889\"><style>.stk-bb77889 .stk-block-text__text{font-size:var(--stk--preset--font-size--medium, 20px) !important;}@media screen and (max-width:999px){.stk-bb77889 .stk-block-text__text{font-size:var(--stk--preset--font-size--medium, 20px) !important;}}<\/style><p class=\"stk-block-text__text\">Getting tattooed with us means stepping into a world of opportunities.\nThis is where we reward your trust with art, experiences, and moments that truly last.<\/p><\/div>\n<\/div><\/div><\/div>\n<\/div><\/div>\n\n\n\n<div class=\"wp-block-stackable-columns stk-block-columns stk-block stk-89b8a27\" data-block-id=\"89b8a27\"><div class=\"stk-row stk-inner-blocks stk-block-content stk-content-align stk-89b8a27-column\">\n<div class=\"wp-block-stackable-column stk-block-column stk-column stk-block stk-9ab8ba2\" data-v=\"4\" data-block-id=\"9ab8ba2\"><div class=\"stk-column-wrapper stk-block-column__content stk-container stk-9ab8ba2-container stk--no-background stk--no-padding\"><div class=\"stk-block-content stk-inner-blocks stk-9ab8ba2-inner-blocks\">\n<ul id=\"beneficios-que-dejan-huella\" class=\"wp-block-list has-medium-font-size\">\n<li>\ud83c\udf81&nbsp;<strong>Special Promotions:<\/strong>\n<ul class=\"wp-block-list\">\n<li>\ud83d\udc8e&nbsp;<strong>Single-session tattoos:<\/strong>&nbsp;20% off your next session.<\/li>\n\n\n\n<li>\ud83d\udc8e&nbsp;<strong>Multi-session tattoos:<\/strong>&nbsp;50% off the first session.<\/li>\n\n\n\n<li>\ud83d\udc8e&nbsp;<strong>2 \u00d7 1:<\/strong>&nbsp;at the end of every month, on mini and small tattoos.<\/li>\n\n\n\n<li>\ud83d\udc8e&nbsp;<strong>Bring a friend:<\/strong>&nbsp;10% off for both.<\/li>\n<\/ul>\n<\/li>\n\n\n\n<li>\ud83c\udfa8&nbsp;<strong>Exclusive Giveaways:<\/strong>&nbsp;enter raffles for original pieces or free sessions.<\/li>\n\n\n\n<li>\ud83d\udc8c&nbsp;<strong>Early Access:<\/strong>&nbsp;be the first to discover new collections and booking dates.<\/li>\n\n\n\n<li>\ud83e\udd1d&nbsp;<strong>Referral Program:<\/strong>&nbsp;bring a friend and you\u2019ll both receive a benefit.<br><\/li>\n<\/ul>\n<\/div><\/div><\/div>\n<\/div><\/div>\n\n\n\n<div class=\"wp-block-stackable-columns alignfull stk-block-columns stk-block stk-56158d6\" data-block-id=\"56158d6\"><style>.stk-56158d6 {min-height:200px !important;align-items:center !important;margin-top:var(--stk--preset--spacing--70, 3.38rem) !important;margin-bottom:var(--stk--preset--spacing--70, 3.38rem) !important;display:flex !important;}<\/style><div class=\"stk-row stk-inner-blocks stk-block-content stk-content-align stk-56158d6-column\">\n<div class=\"wp-block-stackable-column stk-block-column stk-column stk-block stk-fa76d1f\" data-v=\"4\" data-block-id=\"fa76d1f\"><div class=\"stk-column-wrapper stk-block-column__content stk-container stk-fa76d1f-container stk--no-background stk--no-padding\"><div class=\"stk-block-content stk-inner-blocks stk-fa76d1f-inner-blocks\">\n<div class=\"wp-block-stackable-heading stk-block-heading stk-block-heading--v2 stk-block stk-07f7841\" id=\"heading-placeholder\" data-block-id=\"07f7841\"><h2 class=\"stk-block-heading__text\">Don\u2019t Miss the Next Benefit<\/h2><\/div>\n<\/div><\/div><\/div>\n\n\n\n<div class=\"wp-block-stackable-column stk-block-column stk-column stk-block stk-efbfd7e\" data-v=\"4\" data-block-id=\"efbfd7e\"><div class=\"stk-column-wrapper stk-block-column__content stk-container stk-efbfd7e-container stk--no-background stk--no-padding\"><div class=\"stk-block-content stk-inner-blocks stk-efbfd7e-inner-blocks\">\n<div class=\"wp-block-stackable-text stk-block-text stk-block stk-a8f6d54\" data-block-id=\"a8f6d54\"><style>.stk-a8f6d54 .stk-block-text__text{font-size:var(--stk--preset--font-size--medium, 20px) !important;}@media screen and (max-width:999px){.stk-a8f6d54 .stk-block-text__text{font-size:var(--stk--preset--font-size--medium, 20px) !important;}}<\/style><p class=\"stk-block-text__text\">Join our mailing list and be the first to know about giveaways, promotions, and exclusive launches.<\/p><\/div>\n\n\n\n<div class=\"wp-block-stackable-button-group stk-block-button-group stk-block stk-0242e5a\" data-block-id=\"0242e5a\"><div class=\"stk-row stk-inner-blocks stk-block-content stk-button-group\">\n<div class=\"wp-block-stackable-button stk-block-button stk-block stk-f96e0ed\" data-block-id=\"f96e0ed\"><style>.stk-f96e0ed .stk-button{background:#742501 !important;}<\/style><a class=\"stk-link stk-button stk--hover-effect-darken\" href=\"\/en\/contacto\/\"><span class=\"stk-button__inner-text\">I want to receive benefits<\/span><\/a><\/div>\n<\/div><\/div>\n<\/div><\/div><\/div>\n<\/div><\/div>","protected":false},"excerpt":{"rendered":"<p>Beneficios Beneficios que dejan huella Tatuarte con nosotros es entrar en un mundo de oportunidades. Este es el lugar donde premiamos tu confianza con arte, experiencias y momentos que marcan. No te pierdas el pr\u00f3ximo beneficio \u00danete a nuestra lista de correo y s\u00e9 el primero en enterarte de sorteos, promociones y lanzamientos exclusivos. Quiero [&hellip;]<\/p>","protected":false},"author":1,"featured_media":0,"parent":0,"menu_order":0,"comment_status":"closed","ping_status":"closed","template":"","meta":{"_joinchat":[],"footnotes":""},"class_list":["post-973","page","type-page","status-publish","hentry"],"blocksy_meta":[],"_links":{"self":[{"href":"https:\/\/osoriogomestattoo.com\/en\/wp-json\/wp\/v2\/pages\/973","targetHints":{"allow":["GET"]}}],"collection":[{"href":"https:\/\/osoriogomestattoo.com\/en\/wp-json\/wp\/v2\/pages"}],"about":[{"href":"https:\/\/osoriogomestattoo.com\/en\/wp-json\/wp\/v2\/types\/page"}],"author":[{"embeddable":true,"href":"https:\/\/osoriogomestattoo.com\/en\/wp-json\/wp\/v2\/users\/1"}],"replies":[{"embeddable":true,"href":"https:\/\/osoriogomestattoo.com\/en\/wp-json\/wp\/v2\/comments?post=973"}],"version-history":[{"count":31,"href":"https:\/\/osoriogomestattoo.com\/en\/wp-json\/wp\/v2\/pages\/973\/revisions"}],"predecessor-version":[{"id":1627,"href":"https:\/\/osoriogomestattoo.com\/en\/wp-json\/wp\/v2\/pages\/973\/revisions\/1627"}],"wp:attachment":[{"href":"https:\/\/osoriogomestattoo.com\/en\/wp-json\/wp\/v2\/media?parent=973"}],"curies":[{"name":"wp","href":"https:\/\/api.w.org\/{rel}","templated":true}]}}